{"id":17521,"date":"2021-03-20T15:25:19","date_gmt":"2021-03-20T18:25:19","guid":{"rendered":"http:\/\/pedroejulia.com.br\/?post_type=product&#038;p=17521"},"modified":"2023-10-24T11:59:24","modified_gmt":"2023-10-24T14:59:24","slug":"abracadeira-copo","status":"publish","type":"product","link":"http:\/\/pedroejulia.com.br\/?product=abracadeira-copo","title":{"rendered":"Abra\u00e7adeira Copo"},"content":{"rendered":"<h2><b>Fun\u00e7\u00e3o<\/b><\/h2>\n<p>Unir e fixar duas extremidades garantindo seguran\u00e7a e organiza\u00e7\u00e3o.\u00a0Serve para liga\u00e7\u00f5es na rede el\u00e9trica e\/ou hidr\u00e1ulica, pode vir acompanhada ou n\u00e3o de buchas e parafusos.<\/p>\n<h2><b>Unidades de Medidas<\/b><\/h2>\n<p>3\/8&#8221;, 1\/2&#8221;, 3\/4&#8221;, 1&#8243;, 1.1\/4&#8243;, 1.1\/2&#8243;, 2&#8243;, 2.1\/2&#8243;, 3&#8243;<\/p>\n<p>&nbsp;<\/p>\n","protected":false},"excerpt":{"rendered":"<p>Serve para liga\u00e7\u00f5es na rede el\u00e9trica e\/ou hidr\u00e1ulica, pode vir acompanhada ou n\u00e3o de buchas e parafusos<\/p>\n","protected":false},"featured_media":17751,"comment_status":"open","ping_status":"closed","template":"","meta":[],"class_list":{"0":"post-17521","1":"product","2":"type-product","3":"status-publish","4":"has-post-thumbnail","6":"product_cat-fixacao","8":"first","9":"instock","10":"shipping-taxable","11":"product-type-simple"},"_links":{"self":[{"href":"http:\/\/pedroejulia.com.br\/index.php?rest_route=\/wp\/v2\/product\/17521","targetHints":{"allow":["GET"]}}],"collection":[{"href":"http:\/\/pedroejulia.com.br\/index.php?rest_route=\/wp\/v2\/product"}],"about":[{"href":"http:\/\/pedroejulia.com.br\/index.php?rest_route=\/wp\/v2\/types\/product"}],"replies":[{"embeddable":true,"href":"http:\/\/pedroejulia.com.br\/index.php?rest_route=%2Fwp%2Fv2%2Fcomments&post=17521"}],"wp:featuredmedia":[{"embeddable":true,"href":"http:\/\/pedroejulia.com.br\/index.php?rest_route=\/wp\/v2\/media\/17751"}],"wp:attachment":[{"href":"http:\/\/pedroejulia.com.br\/index.php?rest_route=%2Fwp%2Fv2%2Fmedia&parent=17521"}],"curies":[{"name":"wp","href":"https:\/\/api.w.org\/{rel}","templated":true}]}}