{"id":17528,"date":"2021-03-20T15:35:14","date_gmt":"2021-03-20T18:35:14","guid":{"rendered":"http:\/\/pedroejulia.com.br\/?post_type=product&#038;p=17528"},"modified":"2023-10-24T11:55:45","modified_gmt":"2023-10-24T14:55:45","slug":"abracadeira-perfil","status":"publish","type":"product","link":"http:\/\/pedroejulia.com.br\/?product=abracadeira-perfil","title":{"rendered":"Abra\u00e7adeira Perfil"},"content":{"rendered":"<p><b>Fun\u00e7\u00e3o<\/b><\/p>\n<p>Unir e fixar duas extremidades garantindo seguran\u00e7a e organiza\u00e7\u00e3o.Serve para liga\u00e7\u00f5es na rede el\u00e9trica e\/ou hidr\u00e1ulica, j\u00e1 vem acompanhada de buchas e parafusos.<\/p>\n<p><b>Unidades de Medidas<\/b><\/p>\n<p>3\/8&#8221;, 1\/2&#8221;, 3\/4&#8221;, 1.1\/4&#8243;, 1.1\/2&#8243;, 1&#8221;, 2.1\/2&#8243;, 2&#8243;, 2.1\/2&#8243;, 3&#8243;<\/p>\n","protected":false},"excerpt":{"rendered":"<p>Serve para liga\u00e7\u00f5es na rede el\u00e9trica e\/ou hidr\u00e1ulica, j\u00e1 vem acompanhada de buchas e parafusos.<\/p>\n","protected":false},"featured_media":17753,"comment_status":"open","ping_status":"closed","template":"","meta":[],"class_list":{"0":"post-17528","1":"product","2":"type-product","3":"status-publish","4":"has-post-thumbnail","6":"product_cat-fixacao","8":"first","9":"instock","10":"shipping-taxable","11":"product-type-simple"},"_links":{"self":[{"href":"http:\/\/pedroejulia.com.br\/index.php?rest_route=\/wp\/v2\/product\/17528","targetHints":{"allow":["GET"]}}],"collection":[{"href":"http:\/\/pedroejulia.com.br\/index.php?rest_route=\/wp\/v2\/product"}],"about":[{"href":"http:\/\/pedroejulia.com.br\/index.php?rest_route=\/wp\/v2\/types\/product"}],"replies":[{"embeddable":true,"href":"http:\/\/pedroejulia.com.br\/index.php?rest_route=%2Fwp%2Fv2%2Fcomments&post=17528"}],"wp:featuredmedia":[{"embeddable":true,"href":"http:\/\/pedroejulia.com.br\/index.php?rest_route=\/wp\/v2\/media\/17753"}],"wp:attachment":[{"href":"http:\/\/pedroejulia.com.br\/index.php?rest_route=%2Fwp%2Fv2%2Fmedia&parent=17528"}],"curies":[{"name":"wp","href":"https:\/\/api.w.org\/{rel}","templated":true}]}}