{"id":17530,"date":"2021-03-20T15:37:46","date_gmt":"2021-03-20T18:37:46","guid":{"rendered":"http:\/\/pedroejulia.com.br\/?post_type=product&#038;p=17530"},"modified":"2023-10-24T11:55:32","modified_gmt":"2023-10-24T14:55:32","slug":"abracadeira-unha","status":"publish","type":"product","link":"http:\/\/pedroejulia.com.br\/?product=abracadeira-unha","title":{"rendered":"Abra\u00e7adeira Unha"},"content":{"rendered":"<h2><b>Fun\u00e7\u00e3o<\/b><\/h2>\n<p>Unir e fixar duas extremidades garantindo seguran\u00e7a e organiza\u00e7\u00e3o.<\/p>\n<h2><b>Unidades de Medidas<\/b><\/h2>\n<p>3\/8, 1\/2, 3\/4, 1&#8221;<\/p>\n","protected":false},"excerpt":{"rendered":"<p>Unir e fixar duas extremidades garantindo seguran\u00e7a e organiza\u00e7\u00e3o.<\/p>\n","protected":false},"featured_media":17754,"comment_status":"open","ping_status":"closed","template":"","meta":[],"class_list":{"0":"post-17530","1":"product","2":"type-product","3":"status-publish","4":"has-post-thumbnail","6":"product_cat-fixacao","8":"first","9":"instock","10":"shipping-taxable","11":"product-type-simple"},"_links":{"self":[{"href":"http:\/\/pedroejulia.com.br\/index.php?rest_route=\/wp\/v2\/product\/17530","targetHints":{"allow":["GET"]}}],"collection":[{"href":"http:\/\/pedroejulia.com.br\/index.php?rest_route=\/wp\/v2\/product"}],"about":[{"href":"http:\/\/pedroejulia.com.br\/index.php?rest_route=\/wp\/v2\/types\/product"}],"replies":[{"embeddable":true,"href":"http:\/\/pedroejulia.com.br\/index.php?rest_route=%2Fwp%2Fv2%2Fcomments&post=17530"}],"wp:featuredmedia":[{"embeddable":true,"href":"http:\/\/pedroejulia.com.br\/index.php?rest_route=\/wp\/v2\/media\/17754"}],"wp:attachment":[{"href":"http:\/\/pedroejulia.com.br\/index.php?rest_route=%2Fwp%2Fv2%2Fmedia&parent=17530"}],"curies":[{"name":"wp","href":"https:\/\/api.w.org\/{rel}","templated":true}]}}