{"id":17532,"date":"2021-03-20T15:40:09","date_gmt":"2021-03-20T18:40:09","guid":{"rendered":"http:\/\/pedroejulia.com.br\/?post_type=product&#038;p=17532"},"modified":"2026-03-22T02:58:29","modified_gmt":"2026-03-22T05:58:29","slug":"araldite","status":"publish","type":"product","link":"http:\/\/pedroejulia.com.br\/?product=araldite","title":{"rendered":"Araldite"},"content":{"rendered":"<h2><b>Fun\u00e7\u00e3o<\/b><\/h2>\n<p>Liga\u00e7\u00e3o ou cola entre superf\u00edcies, sendo elas lisas, porosas ou irregulares.\u00a0Necessita de mistura para utiliza\u00e7\u00e3o da mesma (na venda v\u00e3o dois frascos, totalizando<span class=\"Apple-converted-space\">\u00a0 <\/span>900GR)<\/p>\n<h2><b>Unidades de Medidas<\/b><\/h2>\n<p>450 GR cada frasco<\/p>\n","protected":false},"excerpt":{"rendered":"<p>Liga\u00e7\u00e3o ou cola entre superf\u00edcies, sendo elas lisas, porosas ou irregulares.<\/p>\n","protected":false},"featured_media":17756,"comment_status":"open","ping_status":"closed","template":"","meta":[],"class_list":{"0":"post-17532","1":"product","2":"type-product","3":"status-publish","4":"has-post-thumbnail","6":"product_cat-acessorios","8":"first","9":"instock","10":"shipping-taxable","11":"product-type-simple"},"_links":{"self":[{"href":"http:\/\/pedroejulia.com.br\/index.php?rest_route=\/wp\/v2\/product\/17532","targetHints":{"allow":["GET"]}}],"collection":[{"href":"http:\/\/pedroejulia.com.br\/index.php?rest_route=\/wp\/v2\/product"}],"about":[{"href":"http:\/\/pedroejulia.com.br\/index.php?rest_route=\/wp\/v2\/types\/product"}],"replies":[{"embeddable":true,"href":"http:\/\/pedroejulia.com.br\/index.php?rest_route=%2Fwp%2Fv2%2Fcomments&post=17532"}],"wp:featuredmedia":[{"embeddable":true,"href":"http:\/\/pedroejulia.com.br\/index.php?rest_route=\/wp\/v2\/media\/17756"}],"wp:attachment":[{"href":"http:\/\/pedroejulia.com.br\/index.php?rest_route=%2Fwp%2Fv2%2Fmedia&parent=17532"}],"curies":[{"name":"wp","href":"https:\/\/api.w.org\/{rel}","templated":true}]}}