{"id":17538,"date":"2021-03-20T15:47:08","date_gmt":"2021-03-20T18:47:08","guid":{"rendered":"http:\/\/pedroejulia.com.br\/?post_type=product&#038;p=17538"},"modified":"2023-11-01T17:03:09","modified_gmt":"2023-11-01T20:03:09","slug":"barra-roscada","status":"publish","type":"product","link":"http:\/\/pedroejulia.com.br\/?product=barra-roscada","title":{"rendered":"Barra Roscada"},"content":{"rendered":"<h2><b>Fun\u00e7\u00e3o<\/b><\/h2>\n<p>Fixa\u00e7\u00e3o de superf\u00edcies, substituindo parafusos, por ser mais complexa.\u00a0Super resistente, utilizada em v\u00e1rios projetos como os hidr\u00e1ulicos.<\/p>\n<h2><b>Unidades de Medidas<\/b><\/h2>\n<p>3\/8 x 1000&#8221;, 3\/8 x 3000&#8221;, 1\/4&#8221; x 1000, 1\/4&#8221; x 3000, 5\/8 x 1000 ,3\/4&#8221; x 3000<\/p>\n","protected":false},"excerpt":{"rendered":"<p>Super resistente, utilizada em v\u00e1rios projetos como os hidr\u00e1ulicos.<\/p>\n","protected":false},"featured_media":17759,"comment_status":"open","ping_status":"closed","template":"","meta":[],"class_list":{"0":"post-17538","1":"product","2":"type-product","3":"status-publish","4":"has-post-thumbnail","6":"product_cat-fixacao","8":"first","9":"instock","10":"shipping-taxable","11":"product-type-simple"},"_links":{"self":[{"href":"http:\/\/pedroejulia.com.br\/index.php?rest_route=\/wp\/v2\/product\/17538","targetHints":{"allow":["GET"]}}],"collection":[{"href":"http:\/\/pedroejulia.com.br\/index.php?rest_route=\/wp\/v2\/product"}],"about":[{"href":"http:\/\/pedroejulia.com.br\/index.php?rest_route=\/wp\/v2\/types\/product"}],"replies":[{"embeddable":true,"href":"http:\/\/pedroejulia.com.br\/index.php?rest_route=%2Fwp%2Fv2%2Fcomments&post=17538"}],"wp:featuredmedia":[{"embeddable":true,"href":"http:\/\/pedroejulia.com.br\/index.php?rest_route=\/wp\/v2\/media\/17759"}],"wp:attachment":[{"href":"http:\/\/pedroejulia.com.br\/index.php?rest_route=%2Fwp%2Fv2%2Fmedia&parent=17538"}],"curies":[{"name":"wp","href":"https:\/\/api.w.org\/{rel}","templated":true}]}}