{"id":17543,"date":"2021-03-20T15:52:01","date_gmt":"2021-03-20T18:52:01","guid":{"rendered":"http:\/\/pedroejulia.com.br\/?post_type=product&#038;p=17543"},"modified":"2023-11-01T17:02:58","modified_gmt":"2023-11-01T20:02:58","slug":"bucha","status":"publish","type":"product","link":"http:\/\/pedroejulia.com.br\/?product=bucha","title":{"rendered":"Bucha"},"content":{"rendered":"<h2><b>Fun\u00e7\u00e3o<\/b><\/h2>\n<p>Gera fixa\u00e7\u00e3o e ader\u00eancia aos parafusos.Tamanhos como o S6 e S8, para diferentes tipos de abra\u00e7adeiras<\/p>\n<h2><b>Convers\u00e3o MM para polegada<\/b><\/h2>\n<p>S6 \/ S8<\/p>\n<p>&nbsp;<\/p>\n","protected":false},"excerpt":{"rendered":"<p>Gera fixa\u00e7\u00e3o e ader\u00eancia aos parafusos.<\/p>\n","protected":false},"featured_media":17760,"comment_status":"open","ping_status":"closed","template":"","meta":[],"class_list":{"0":"post-17543","1":"product","2":"type-product","3":"status-publish","4":"has-post-thumbnail","6":"product_cat-fixacao","8":"first","9":"instock","10":"shipping-taxable","11":"product-type-simple"},"_links":{"self":[{"href":"http:\/\/pedroejulia.com.br\/index.php?rest_route=\/wp\/v2\/product\/17543","targetHints":{"allow":["GET"]}}],"collection":[{"href":"http:\/\/pedroejulia.com.br\/index.php?rest_route=\/wp\/v2\/product"}],"about":[{"href":"http:\/\/pedroejulia.com.br\/index.php?rest_route=\/wp\/v2\/types\/product"}],"replies":[{"embeddable":true,"href":"http:\/\/pedroejulia.com.br\/index.php?rest_route=%2Fwp%2Fv2%2Fcomments&post=17543"}],"wp:featuredmedia":[{"embeddable":true,"href":"http:\/\/pedroejulia.com.br\/index.php?rest_route=\/wp\/v2\/media\/17760"}],"wp:attachment":[{"href":"http:\/\/pedroejulia.com.br\/index.php?rest_route=%2Fwp%2Fv2%2Fmedia&parent=17543"}],"curies":[{"name":"wp","href":"https:\/\/api.w.org\/{rel}","templated":true}]}}