{"id":17555,"date":"2021-03-20T16:05:16","date_gmt":"2021-03-20T19:05:16","guid":{"rendered":"http:\/\/pedroejulia.com.br\/?post_type=product&#038;p=17555"},"modified":"2025-09-07T19:44:31","modified_gmt":"2025-09-07T22:44:31","slug":"fita-teflon","status":"publish","type":"product","link":"http:\/\/pedroejulia.com.br\/?product=fita-teflon","title":{"rendered":"Fita Teflon"},"content":{"rendered":"<p><b>Fun\u00e7\u00e3o<\/b><\/p>\n<p>Prote\u00e7\u00e3o mec\u00e2nica e veda\u00e7\u00e3o de tubula\u00e7\u00e3o.\u00a0Corre\u00e7\u00e3o de rosca em tubos.<\/p>\n<p><b>Unidades de Medidas<\/b><\/p>\n<p>18MM X 50M<\/p>\n","protected":false},"excerpt":{"rendered":"<p>Prote\u00e7\u00e3o mec\u00e2nica e veda\u00e7\u00e3o de tubula\u00e7\u00e3o.<\/p>\n","protected":false},"featured_media":17782,"comment_status":"open","ping_status":"closed","template":"","meta":[],"class_list":{"0":"post-17555","1":"product","2":"type-product","3":"status-publish","4":"has-post-thumbnail","6":"product_cat-acessorios","8":"first","9":"instock","10":"shipping-taxable","11":"product-type-simple"},"_links":{"self":[{"href":"http:\/\/pedroejulia.com.br\/index.php?rest_route=\/wp\/v2\/product\/17555","targetHints":{"allow":["GET"]}}],"collection":[{"href":"http:\/\/pedroejulia.com.br\/index.php?rest_route=\/wp\/v2\/product"}],"about":[{"href":"http:\/\/pedroejulia.com.br\/index.php?rest_route=\/wp\/v2\/types\/product"}],"replies":[{"embeddable":true,"href":"http:\/\/pedroejulia.com.br\/index.php?rest_route=%2Fwp%2Fv2%2Fcomments&post=17555"}],"wp:featuredmedia":[{"embeddable":true,"href":"http:\/\/pedroejulia.com.br\/index.php?rest_route=\/wp\/v2\/media\/17782"}],"wp:attachment":[{"href":"http:\/\/pedroejulia.com.br\/index.php?rest_route=%2Fwp%2Fv2%2Fmedia&parent=17555"}],"curies":[{"name":"wp","href":"https:\/\/api.w.org\/{rel}","templated":true}]}}