{"id":17557,"date":"2021-03-20T16:08:02","date_gmt":"2021-03-20T19:08:02","guid":{"rendered":"http:\/\/pedroejulia.com.br\/?post_type=product&#038;p=17557"},"modified":"2023-10-24T11:58:41","modified_gmt":"2023-10-24T14:58:41","slug":"fitaplast","status":"publish","type":"product","link":"http:\/\/pedroejulia.com.br\/?product=fitaplast","title":{"rendered":"Fitaplast"},"content":{"rendered":"<h2><b>Fun\u00e7\u00e3o<\/b><\/h2>\n<p>Prote\u00e7\u00e3o mec\u00e2nica.Utilizada sobre a fita anticorrosiva.<\/p>\n<h2><b>Unidades de Medidas<\/b><\/h2>\n<p>0,05 x 30,5M \/ 0,10 x 30,5M \/ 0,15 x 30,5M \/ 0,23 x 30,5M<\/p>\n<h2><b>Instala\u00e7\u00e3o<\/b><\/h2>\n<p>Mecanicamente ou manualmente.<\/p>\n","protected":false},"excerpt":{"rendered":"<p>Prote\u00e7\u00e3o mec\u00e2nica.<\/p>\n","protected":false},"featured_media":17783,"comment_status":"open","ping_status":"closed","template":"","meta":[],"class_list":{"0":"post-17557","1":"product","2":"type-product","3":"status-publish","4":"has-post-thumbnail","6":"product_cat-vitoria-quimica","7":"product_cat-fitas-e-primers","9":"first","10":"instock","11":"shipping-taxable","12":"product-type-simple"},"_links":{"self":[{"href":"http:\/\/pedroejulia.com.br\/index.php?rest_route=\/wp\/v2\/product\/17557","targetHints":{"allow":["GET"]}}],"collection":[{"href":"http:\/\/pedroejulia.com.br\/index.php?rest_route=\/wp\/v2\/product"}],"about":[{"href":"http:\/\/pedroejulia.com.br\/index.php?rest_route=\/wp\/v2\/types\/product"}],"replies":[{"embeddable":true,"href":"http:\/\/pedroejulia.com.br\/index.php?rest_route=%2Fwp%2Fv2%2Fcomments&post=17557"}],"wp:featuredmedia":[{"embeddable":true,"href":"http:\/\/pedroejulia.com.br\/index.php?rest_route=\/wp\/v2\/media\/17783"}],"wp:attachment":[{"href":"http:\/\/pedroejulia.com.br\/index.php?rest_route=%2Fwp%2Fv2%2Fmedia&parent=17557"}],"curies":[{"name":"wp","href":"https:\/\/api.w.org\/{rel}","templated":true}]}}