{"id":17561,"date":"2021-03-20T16:11:31","date_gmt":"2021-03-20T19:11:31","guid":{"rendered":"http:\/\/pedroejulia.com.br\/?post_type=product&#038;p=17561"},"modified":"2023-10-24T11:44:08","modified_gmt":"2023-10-24T14:44:08","slug":"jaqueta-e-cone","status":"publish","type":"product","link":"http:\/\/pedroejulia.com.br\/?product=jaqueta-e-cone","title":{"rendered":"Jaqueta e Cone"},"content":{"rendered":"<h2><b>Fun\u00e7\u00e3o<\/b><\/h2>\n<p>Fixa\u00e7\u00e3o na parede.\u00a0Tamb\u00e9m conhecido como Chumbador, na venda as pe\u00e7as v\u00e3o juntas.<\/p>\n<h2><b>Unidades de Medidas<\/b><\/h2>\n<p>1\/4<span class=\"Apple-converted-space\">\u00a0 <\/span>&#8211; 3\/8<span class=\"Apple-converted-space\">\u00a0<\/span><\/p>\n","protected":false},"excerpt":{"rendered":"<p>Tamb\u00e9m conhecido como Chumbador, na venda as pe\u00e7as v\u00e3o juntas.<\/p>\n","protected":false},"featured_media":17787,"comment_status":"open","ping_status":"closed","template":"","meta":[],"class_list":{"0":"post-17561","1":"product","2":"type-product","3":"status-publish","4":"has-post-thumbnail","6":"product_cat-fixacao","8":"first","9":"instock","10":"shipping-taxable","11":"product-type-simple"},"_links":{"self":[{"href":"http:\/\/pedroejulia.com.br\/index.php?rest_route=\/wp\/v2\/product\/17561","targetHints":{"allow":["GET"]}}],"collection":[{"href":"http:\/\/pedroejulia.com.br\/index.php?rest_route=\/wp\/v2\/product"}],"about":[{"href":"http:\/\/pedroejulia.com.br\/index.php?rest_route=\/wp\/v2\/types\/product"}],"replies":[{"embeddable":true,"href":"http:\/\/pedroejulia.com.br\/index.php?rest_route=%2Fwp%2Fv2%2Fcomments&post=17561"}],"wp:featuredmedia":[{"embeddable":true,"href":"http:\/\/pedroejulia.com.br\/index.php?rest_route=\/wp\/v2\/media\/17787"}],"wp:attachment":[{"href":"http:\/\/pedroejulia.com.br\/index.php?rest_route=%2Fwp%2Fv2%2Fmedia&parent=17561"}],"curies":[{"name":"wp","href":"https:\/\/api.w.org\/{rel}","templated":true}]}}