{"id":17563,"date":"2021-03-20T16:14:47","date_gmt":"2021-03-20T19:14:47","guid":{"rendered":"http:\/\/pedroejulia.com.br\/?post_type=product&#038;p=17563"},"modified":"2025-09-04T07:10:35","modified_gmt":"2025-09-04T10:10:35","slug":"manometro","status":"publish","type":"product","link":"http:\/\/pedroejulia.com.br\/?product=manometro","title":{"rendered":"Man\u00f4metro"},"content":{"rendered":"<h2><b>Fun\u00e7\u00e3o<\/b><\/h2>\n<p>Utilizados para medir a press\u00e3o de um fluido\/g\u00e1s em determinado espa\u00e7o.\u00a0Existem tantos de gases quanto de l\u00edquidos.<\/p>\n<h2><b>Unidades de Medidas<\/b><\/h2>\n<p>2.1\/2 &#8211; 20KGF\/cm\u00b2<\/p>\n<h2><b>Instala\u00e7\u00e3o<\/b><\/h2>\n<p>Rosca<\/p>\n","protected":false},"excerpt":{"rendered":"<p>Utilizados para medir a press\u00e3o de um fluido\/g\u00e1s em determinado espa\u00e7o.<\/p>\n","protected":false},"featured_media":17803,"comment_status":"open","ping_status":"closed","template":"","meta":[],"class_list":{"0":"post-17563","1":"product","2":"type-product","3":"status-publish","4":"has-post-thumbnail","6":"product_cat-sistemas-de-hidrantes","7":"product_cat-incendio","8":"product_cat-gas","9":"product_cat-acessorios","11":"first","12":"instock","13":"shipping-taxable","14":"product-type-simple"},"_links":{"self":[{"href":"http:\/\/pedroejulia.com.br\/index.php?rest_route=\/wp\/v2\/product\/17563","targetHints":{"allow":["GET"]}}],"collection":[{"href":"http:\/\/pedroejulia.com.br\/index.php?rest_route=\/wp\/v2\/product"}],"about":[{"href":"http:\/\/pedroejulia.com.br\/index.php?rest_route=\/wp\/v2\/types\/product"}],"replies":[{"embeddable":true,"href":"http:\/\/pedroejulia.com.br\/index.php?rest_route=%2Fwp%2Fv2%2Fcomments&post=17563"}],"wp:featuredmedia":[{"embeddable":true,"href":"http:\/\/pedroejulia.com.br\/index.php?rest_route=\/wp\/v2\/media\/17803"}],"wp:attachment":[{"href":"http:\/\/pedroejulia.com.br\/index.php?rest_route=%2Fwp%2Fv2%2Fmedia&parent=17563"}],"curies":[{"name":"wp","href":"https:\/\/api.w.org\/{rel}","templated":true}]}}