{"id":17570,"date":"2021-03-20T16:25:48","date_gmt":"2021-03-20T19:25:48","guid":{"rendered":"http:\/\/pedroejulia.com.br\/?post_type=product&#038;p=17570"},"modified":"2023-10-24T11:39:02","modified_gmt":"2023-10-24T14:39:02","slug":"perfilado","status":"publish","type":"product","link":"http:\/\/pedroejulia.com.br\/?product=perfilado","title":{"rendered":"Perfilado"},"content":{"rendered":"<h2><b>Fun\u00e7\u00e3o<\/b><\/h2>\n<p>Sustenta\u00e7\u00e3o, distribui\u00e7\u00e3o e instala\u00e7\u00f5es de alguns componentes.\u00a0Vers\u00e1til, podendo ser aplicado em v\u00e1rias situa\u00e7\u00f5es.<\/p>\n<h2><b>Convers\u00e3o MM para polegada<\/b><\/h2>\n<p>Alto \/ Baixo<\/p>\n<p>&nbsp;<\/p>\n","protected":false},"excerpt":{"rendered":"<p>Sustenta\u00e7\u00e3o, distribui\u00e7\u00e3o e instala\u00e7\u00f5es de alguns componentes.<\/p>\n","protected":false},"featured_media":17812,"comment_status":"open","ping_status":"closed","template":"","meta":[],"class_list":{"0":"post-17570","1":"product","2":"type-product","3":"status-publish","4":"has-post-thumbnail","6":"product_cat-fixacao","8":"first","9":"instock","10":"shipping-taxable","11":"product-type-simple"},"_links":{"self":[{"href":"http:\/\/pedroejulia.com.br\/index.php?rest_route=\/wp\/v2\/product\/17570","targetHints":{"allow":["GET"]}}],"collection":[{"href":"http:\/\/pedroejulia.com.br\/index.php?rest_route=\/wp\/v2\/product"}],"about":[{"href":"http:\/\/pedroejulia.com.br\/index.php?rest_route=\/wp\/v2\/types\/product"}],"replies":[{"embeddable":true,"href":"http:\/\/pedroejulia.com.br\/index.php?rest_route=%2Fwp%2Fv2%2Fcomments&post=17570"}],"wp:featuredmedia":[{"embeddable":true,"href":"http:\/\/pedroejulia.com.br\/index.php?rest_route=\/wp\/v2\/media\/17812"}],"wp:attachment":[{"href":"http:\/\/pedroejulia.com.br\/index.php?rest_route=%2Fwp%2Fv2%2Fmedia&parent=17570"}],"curies":[{"name":"wp","href":"https:\/\/api.w.org\/{rel}","templated":true}]}}