{"id":17574,"date":"2021-03-20T16:31:44","date_gmt":"2021-03-20T19:31:44","guid":{"rendered":"http:\/\/pedroejulia.com.br\/?post_type=product&#038;p=17574"},"modified":"2023-11-01T16:59:37","modified_gmt":"2023-11-01T19:59:37","slug":"torofita-fita-anticorrosiva-vitoria-quimica","status":"publish","type":"product","link":"http:\/\/pedroejulia.com.br\/?product=torofita-fita-anticorrosiva-vitoria-quimica","title":{"rendered":"Torofita (Fita Anticorrosiva &#8211; Vit\u00f3ria Qu\u00edmica)"},"content":{"rendered":"<h2><b>Fun\u00e7\u00e3o<\/b><\/h2>\n<p>Evitar corros\u00e3o de superf\u00edcies.\u00a0Pode ser utilizado junto ou isoladamente do Primer.<\/p>\n<h2><b>Unidades de Medidas<\/b><\/h2>\n<p>0,05 x 30,5M \/ 0,10 x 30,5M \/ 0,15 x 30,5M \/ 0,23 x 30,5M<\/p>\n<h2><b>Instala\u00e7\u00e3o<\/b><\/h2>\n<p>Fita<\/p>\n","protected":false},"excerpt":{"rendered":"<p>Evitar corros\u00e3o de superf\u00edcies.<\/p>\n","protected":false},"featured_media":17841,"comment_status":"open","ping_status":"closed","template":"","meta":[],"class_list":{"0":"post-17574","1":"product","2":"type-product","3":"status-publish","4":"has-post-thumbnail","6":"product_cat-vitoria-quimica","7":"product_cat-fitas-e-primers","9":"first","10":"instock","11":"shipping-taxable","12":"product-type-simple"},"_links":{"self":[{"href":"http:\/\/pedroejulia.com.br\/index.php?rest_route=\/wp\/v2\/product\/17574","targetHints":{"allow":["GET"]}}],"collection":[{"href":"http:\/\/pedroejulia.com.br\/index.php?rest_route=\/wp\/v2\/product"}],"about":[{"href":"http:\/\/pedroejulia.com.br\/index.php?rest_route=\/wp\/v2\/types\/product"}],"replies":[{"embeddable":true,"href":"http:\/\/pedroejulia.com.br\/index.php?rest_route=%2Fwp%2Fv2%2Fcomments&post=17574"}],"wp:featuredmedia":[{"embeddable":true,"href":"http:\/\/pedroejulia.com.br\/index.php?rest_route=\/wp\/v2\/media\/17841"}],"wp:attachment":[{"href":"http:\/\/pedroejulia.com.br\/index.php?rest_route=%2Fwp%2Fv2%2Fmedia&parent=17574"}],"curies":[{"name":"wp","href":"https:\/\/api.w.org\/{rel}","templated":true}]}}