{"id":17575,"date":"2021-03-20T16:33:12","date_gmt":"2021-03-20T19:33:12","guid":{"rendered":"http:\/\/pedroejulia.com.br\/?post_type=product&#038;p=17575"},"modified":"2025-08-29T14:12:37","modified_gmt":"2025-08-29T17:12:37","slug":"veda-junta","status":"publish","type":"product","link":"http:\/\/pedroejulia.com.br\/?product=veda-junta","title":{"rendered":"Veda Junta"},"content":{"rendered":"<h2><b>Fun\u00e7\u00e3o<\/b><\/h2>\n<p>Veda\u00e7\u00e3o de \u00e1gua, g\u00e1s e \u00f3leo em tubula\u00e7\u00f5es.\u00a0Veda\u00e7\u00e3o em juntas de rosca, motores hidr\u00e1ulicos e tubula\u00e7\u00f5es de agua quente.<\/p>\n<h2><b>Unidades de Medidas<\/b><\/h2>\n<p>100G \/ 500G<\/p>\n<h2><b>Instala\u00e7\u00e3o<\/b><\/h2>\n<p>Veda\u00e7\u00e3o<\/p>\n","protected":false},"excerpt":{"rendered":"<p>Veda\u00e7\u00e3o de \u00e1gua, g\u00e1s e \u00f3leo em tubula\u00e7\u00f5es.<\/p>\n","protected":false},"featured_media":17878,"comment_status":"open","ping_status":"closed","template":"","meta":[],"class_list":{"0":"post-17575","1":"product","2":"type-product","3":"status-publish","4":"has-post-thumbnail","6":"product_cat-acessorios","8":"first","9":"instock","10":"shipping-taxable","11":"product-type-simple"},"_links":{"self":[{"href":"http:\/\/pedroejulia.com.br\/index.php?rest_route=\/wp\/v2\/product\/17575","targetHints":{"allow":["GET"]}}],"collection":[{"href":"http:\/\/pedroejulia.com.br\/index.php?rest_route=\/wp\/v2\/product"}],"about":[{"href":"http:\/\/pedroejulia.com.br\/index.php?rest_route=\/wp\/v2\/types\/product"}],"replies":[{"embeddable":true,"href":"http:\/\/pedroejulia.com.br\/index.php?rest_route=%2Fwp%2Fv2%2Fcomments&post=17575"}],"wp:featuredmedia":[{"embeddable":true,"href":"http:\/\/pedroejulia.com.br\/index.php?rest_route=\/wp\/v2\/media\/17878"}],"wp:attachment":[{"href":"http:\/\/pedroejulia.com.br\/index.php?rest_route=%2Fwp%2Fv2%2Fmedia&parent=17575"}],"curies":[{"name":"wp","href":"https:\/\/api.w.org\/{rel}","templated":true}]}}