{"id":17579,"date":"2021-03-20T18:04:02","date_gmt":"2021-03-20T21:04:02","guid":{"rendered":"http:\/\/pedroejulia.com.br\/?post_type=product&#038;p=17579"},"modified":"2023-11-01T16:58:54","modified_gmt":"2023-11-01T19:58:54","slug":"bucha-de-reducao-cobre","status":"publish","type":"product","link":"http:\/\/pedroejulia.com.br\/?product=bucha-de-reducao-cobre","title":{"rendered":"Bucha de Redu\u00e7\u00e3o Cobre"},"content":{"rendered":"<h2><b>Fun\u00e7\u00e3o<\/b><\/h2>\n<p>Reduzir di\u00e2metro das tubula\u00e7\u00f5es.\u00a0Serve para todas as classes de tubos de cobre.<\/p>\n<h2><b>Unidades de Medidas<\/b><\/h2>\n<p>22 x 15MM, 28 x 15MM, 28 x 22MM, 35 x 15MM, 35 x 22MM, 35 x 28MM, 42 x 15MM, 42 x 22MM, 42 x 28MM, 42 x 35MM, 54 x 15MM, 54 x 22MM, 54 x 28MM, 54 x 35MM, 54 x 42MM, 66 x 15MM, 66 x 22MM, 66 x 28MM, 66 x 35MM, 66 x 42MM, 66 x 54MM, 79 x 42MM, 79 x 54MM, 79 x 66M, 104 x 66MM, 104 x 72MM<\/p>\n<h2><b>Instala\u00e7\u00e3o<\/b><\/h2>\n<p>Solda<\/p>\n","protected":false},"excerpt":{"rendered":"<p>Serve para todas as classes de tubos de cobre.<\/p>\n","protected":false},"featured_media":17765,"comment_status":"open","ping_status":"closed","template":"","meta":[],"class_list":{"0":"post-17579","1":"product","2":"type-product","3":"status-publish","4":"has-post-thumbnail","6":"product_cat-conexoes","7":"product_cat-rosca","8":"product_cat-incendio","9":"product_cat-gas","11":"first","12":"instock","13":"shipping-taxable","14":"product-type-simple"},"_links":{"self":[{"href":"http:\/\/pedroejulia.com.br\/index.php?rest_route=\/wp\/v2\/product\/17579","targetHints":{"allow":["GET"]}}],"collection":[{"href":"http:\/\/pedroejulia.com.br\/index.php?rest_route=\/wp\/v2\/product"}],"about":[{"href":"http:\/\/pedroejulia.com.br\/index.php?rest_route=\/wp\/v2\/types\/product"}],"replies":[{"embeddable":true,"href":"http:\/\/pedroejulia.com.br\/index.php?rest_route=%2Fwp%2Fv2%2Fcomments&post=17579"}],"wp:featuredmedia":[{"embeddable":true,"href":"http:\/\/pedroejulia.com.br\/index.php?rest_route=\/wp\/v2\/media\/17765"}],"wp:attachment":[{"href":"http:\/\/pedroejulia.com.br\/index.php?rest_route=%2Fwp%2Fv2%2Fmedia&parent=17579"}],"curies":[{"name":"wp","href":"https:\/\/api.w.org\/{rel}","templated":true}]}}