{"id":17582,"date":"2021-03-20T18:06:33","date_gmt":"2021-03-20T21:06:33","guid":{"rendered":"http:\/\/pedroejulia.com.br\/?post_type=product&#038;p=17582"},"modified":"2023-11-01T16:57:37","modified_gmt":"2023-11-01T19:57:37","slug":"mangote-ou-rabicho-de-gas","status":"publish","type":"product","link":"http:\/\/pedroejulia.com.br\/?product=mangote-ou-rabicho-de-gas","title":{"rendered":"Mangote ou Rabicho de G\u00e1s"},"content":{"rendered":"<h2><b>Fun\u00e7\u00e3o<\/b><\/h2>\n<p>Interm\u00e9dio entre componentes, geralmente contendo g\u00e1s ou \u00e1gua.<\/p>\n<h2><b>Unidades de Medidas<\/b><\/h2>\n<p>1 x 1,5M, 1 x 1M, 1 x 2M, 1.1\/4 x 80CM, 1\/2 x 1,2M, 1\/2 x 10CM, 1\/2 x 15CM, 1\/2 x 1M, 1\/2 x 20CM, 1\/2 x 25CM, 1\/2 x 30CM, 1\/2 x 40CM, 1\/2 x 50CM, 3\/4 x 1\/2 35CM, 3\/4 x 1M, 3\/4 x 40CM, 3\/4 x 80CM<\/p>\n","protected":false},"excerpt":{"rendered":"<p>Interm\u00e9dio entre componentes, geralmente contendo g\u00e1s ou \u00e1gua.<\/p>\n","protected":false},"featured_media":17802,"comment_status":"open","ping_status":"closed","template":"","meta":[],"class_list":{"0":"post-17582","1":"product","2":"type-product","3":"status-publish","4":"has-post-thumbnail","6":"product_cat-mangotes-flexiveis","7":"product_cat-gas","9":"first","10":"instock","11":"shipping-taxable","12":"product-type-simple"},"_links":{"self":[{"href":"http:\/\/pedroejulia.com.br\/index.php?rest_route=\/wp\/v2\/product\/17582","targetHints":{"allow":["GET"]}}],"collection":[{"href":"http:\/\/pedroejulia.com.br\/index.php?rest_route=\/wp\/v2\/product"}],"about":[{"href":"http:\/\/pedroejulia.com.br\/index.php?rest_route=\/wp\/v2\/types\/product"}],"replies":[{"embeddable":true,"href":"http:\/\/pedroejulia.com.br\/index.php?rest_route=%2Fwp%2Fv2%2Fcomments&post=17582"}],"wp:featuredmedia":[{"embeddable":true,"href":"http:\/\/pedroejulia.com.br\/index.php?rest_route=\/wp\/v2\/media\/17802"}],"wp:attachment":[{"href":"http:\/\/pedroejulia.com.br\/index.php?rest_route=%2Fwp%2Fv2%2Fmedia&parent=17582"}],"curies":[{"name":"wp","href":"https:\/\/api.w.org\/{rel}","templated":true}]}}