{"id":17583,"date":"2021-03-20T18:09:25","date_gmt":"2021-03-20T21:09:25","guid":{"rendered":"http:\/\/pedroejulia.com.br\/?post_type=product&#038;p=17583"},"modified":"2023-11-01T16:57:26","modified_gmt":"2023-11-01T19:57:26","slug":"valvula-esfera-borboleta-reta-gas","status":"publish","type":"product","link":"http:\/\/pedroejulia.com.br\/?product=valvula-esfera-borboleta-reta-gas","title":{"rendered":"V\u00e1lvula Esfera Borboleta Reta G\u00e1s"},"content":{"rendered":"<h2><b>Fun\u00e7\u00e3o<\/b><\/h2>\n<p>Isolar ou regular a vaz\u00e3o em redes hidr\u00e1ulicas.<\/p>\n<h2><b>Unidades de Medidas<\/b><\/h2>\n<p>1\/2, 3\/4<span class=\"Apple-converted-space\">\u00a0<\/span><\/p>\n<h2><b>Instala\u00e7\u00e3o<\/b><\/h2>\n<p>Rosca<\/p>\n<h2>Varia\u00e7\u00e3o<\/h2>\n<p>FF\/ MM\/ MF<\/p>\n","protected":false},"excerpt":{"rendered":"<p>Isolar ou regular a vaz\u00e3o em redes hidr\u00e1ulicas.<\/p>\n","protected":false},"featured_media":17862,"comment_status":"open","ping_status":"closed","template":"","meta":[],"class_list":{"0":"post-17583","1":"product","2":"type-product","3":"status-publish","4":"has-post-thumbnail","6":"product_cat-valvulas","7":"product_cat-gas","9":"first","10":"instock","11":"shipping-taxable","12":"product-type-simple"},"_links":{"self":[{"href":"http:\/\/pedroejulia.com.br\/index.php?rest_route=\/wp\/v2\/product\/17583","targetHints":{"allow":["GET"]}}],"collection":[{"href":"http:\/\/pedroejulia.com.br\/index.php?rest_route=\/wp\/v2\/product"}],"about":[{"href":"http:\/\/pedroejulia.com.br\/index.php?rest_route=\/wp\/v2\/types\/product"}],"replies":[{"embeddable":true,"href":"http:\/\/pedroejulia.com.br\/index.php?rest_route=%2Fwp%2Fv2%2Fcomments&post=17583"}],"wp:featuredmedia":[{"embeddable":true,"href":"http:\/\/pedroejulia.com.br\/index.php?rest_route=\/wp\/v2\/media\/17862"}],"wp:attachment":[{"href":"http:\/\/pedroejulia.com.br\/index.php?rest_route=%2Fwp%2Fv2%2Fmedia&parent=17583"}],"curies":[{"name":"wp","href":"https:\/\/api.w.org\/{rel}","templated":true}]}}