{"id":17584,"date":"2021-03-20T18:11:00","date_gmt":"2021-03-20T21:11:00","guid":{"rendered":"http:\/\/pedroejulia.com.br\/?post_type=product&#038;p=17584"},"modified":"2023-11-01T16:57:10","modified_gmt":"2023-11-01T19:57:10","slug":"valvula-p13","status":"publish","type":"product","link":"http:\/\/pedroejulia.com.br\/?product=valvula-p13","title":{"rendered":"V\u00e1lvula P13"},"content":{"rendered":"<h2><b>Fun\u00e7\u00e3o<\/b><\/h2>\n<p>Controla a passagem de gases, entrada e sa\u00edda.\u00a0Geralmente utilizada como reguladora de butij\u00f5es.<\/p>\n<h2><b>Unidades de Medidas<\/b><\/h2>\n<p>\u00danica<\/p>\n<h2><b>Instala\u00e7\u00e3o<\/b><\/h2>\n<p>Rosca<\/p>\n","protected":false},"excerpt":{"rendered":"<p>Controla a passagem de gases, entrada e sa\u00edda.<\/p>\n","protected":false},"featured_media":17866,"comment_status":"open","ping_status":"closed","template":"","meta":[],"class_list":{"0":"post-17584","1":"product","2":"type-product","3":"status-publish","4":"has-post-thumbnail","6":"product_cat-valvulas","7":"product_cat-gas","9":"first","10":"instock","11":"shipping-taxable","12":"product-type-simple"},"_links":{"self":[{"href":"http:\/\/pedroejulia.com.br\/index.php?rest_route=\/wp\/v2\/product\/17584","targetHints":{"allow":["GET"]}}],"collection":[{"href":"http:\/\/pedroejulia.com.br\/index.php?rest_route=\/wp\/v2\/product"}],"about":[{"href":"http:\/\/pedroejulia.com.br\/index.php?rest_route=\/wp\/v2\/types\/product"}],"replies":[{"embeddable":true,"href":"http:\/\/pedroejulia.com.br\/index.php?rest_route=%2Fwp%2Fv2%2Fcomments&post=17584"}],"wp:featuredmedia":[{"embeddable":true,"href":"http:\/\/pedroejulia.com.br\/index.php?rest_route=\/wp\/v2\/media\/17866"}],"wp:attachment":[{"href":"http:\/\/pedroejulia.com.br\/index.php?rest_route=%2Fwp%2Fv2%2Fmedia&parent=17584"}],"curies":[{"name":"wp","href":"https:\/\/api.w.org\/{rel}","templated":true}]}}