{"id":17593,"date":"2021-03-20T18:23:45","date_gmt":"2021-03-20T21:23:45","guid":{"rendered":"http:\/\/pedroejulia.com.br\/?post_type=product&#038;p=17593"},"modified":"2023-11-01T16:55:48","modified_gmt":"2023-11-01T19:55:48","slug":"filtro-y-bronze","status":"publish","type":"product","link":"http:\/\/pedroejulia.com.br\/?product=filtro-y-bronze","title":{"rendered":"Filtro Y Bronze"},"content":{"rendered":"<h2><b>Fun\u00e7\u00e3o<\/b><\/h2>\n<p>Oferece seguran\u00e7a contra sujeira, borras ou qualquer tipo de part\u00edcula indesej\u00e1vel.<\/p>\n<h2><b>Unidades de Medidas<\/b><\/h2>\n<p>1\/2, 3\/4, 1, 1.1\/4, 1.1\/2, 2, 3<\/p>\n<h2><b>Instala\u00e7\u00e3o<\/b><\/h2>\n<p>Rosca<\/p>\n","protected":false},"excerpt":{"rendered":"<p>Oferece seguran\u00e7a contra sujeira, borras ou qualquer tipo de part\u00edcula indesej\u00e1vel.<\/p>\n","protected":false},"featured_media":17779,"comment_status":"open","ping_status":"closed","template":"","meta":[],"class_list":{"0":"post-17593","1":"product","2":"type-product","3":"status-publish","4":"has-post-thumbnail","6":"product_cat-rosca-conexoes-incendio","7":"product_cat-rosca","8":"product_cat-incendio","9":"product_cat-gas","11":"first","12":"instock","13":"shipping-taxable","14":"product-type-simple"},"_links":{"self":[{"href":"http:\/\/pedroejulia.com.br\/index.php?rest_route=\/wp\/v2\/product\/17593","targetHints":{"allow":["GET"]}}],"collection":[{"href":"http:\/\/pedroejulia.com.br\/index.php?rest_route=\/wp\/v2\/product"}],"about":[{"href":"http:\/\/pedroejulia.com.br\/index.php?rest_route=\/wp\/v2\/types\/product"}],"replies":[{"embeddable":true,"href":"http:\/\/pedroejulia.com.br\/index.php?rest_route=%2Fwp%2Fv2%2Fcomments&post=17593"}],"wp:featuredmedia":[{"embeddable":true,"href":"http:\/\/pedroejulia.com.br\/index.php?rest_route=\/wp\/v2\/media\/17779"}],"wp:attachment":[{"href":"http:\/\/pedroejulia.com.br\/index.php?rest_route=%2Fwp%2Fv2%2Fmedia&parent=17593"}],"curies":[{"name":"wp","href":"https:\/\/api.w.org\/{rel}","templated":true}]}}