{"id":17595,"date":"2021-03-20T18:25:25","date_gmt":"2021-03-20T21:25:25","guid":{"rendered":"http:\/\/pedroejulia.com.br\/?post_type=product&#038;p=17595"},"modified":"2023-11-01T16:55:27","modified_gmt":"2023-11-01T19:55:27","slug":"mangote-ou-rabicho-de-agua","status":"publish","type":"product","link":"http:\/\/pedroejulia.com.br\/?product=mangote-ou-rabicho-de-agua","title":{"rendered":"Mangote ou Rabicho de \u00c1gua"},"content":{"rendered":"<h2><b>Fun\u00e7\u00e3o<\/b><\/h2>\n<p>Interm\u00e9dio entre componentes, geralmente contendo g\u00e1s ou \u00e1gua.<\/p>\n<h2><b>Unidades de Medidas<\/b><\/h2>\n<p>1\/2 x 30CM, 1\/2 x 40CM, 3\/4 x 1\/2 35CM, 3\/4 x 30CM, 3\/4 x 40CM<\/p>\n<h2><b>Instala\u00e7\u00e3o<\/b><\/h2>\n<p>Rosca<\/p>\n","protected":false},"excerpt":{"rendered":"<p>Interm\u00e9dio entre componentes, geralmente contendo g\u00e1s ou \u00e1gua.<\/p>\n","protected":false},"featured_media":17801,"comment_status":"open","ping_status":"closed","template":"","meta":[],"class_list":{"0":"post-17595","1":"product","2":"type-product","3":"status-publish","4":"has-post-thumbnail","6":"product_cat-mangotes-flexiveis","7":"product_cat-incendio","8":"product_cat-gas","10":"first","11":"instock","12":"shipping-taxable","13":"product-type-simple"},"_links":{"self":[{"href":"http:\/\/pedroejulia.com.br\/index.php?rest_route=\/wp\/v2\/product\/17595","targetHints":{"allow":["GET"]}}],"collection":[{"href":"http:\/\/pedroejulia.com.br\/index.php?rest_route=\/wp\/v2\/product"}],"about":[{"href":"http:\/\/pedroejulia.com.br\/index.php?rest_route=\/wp\/v2\/types\/product"}],"replies":[{"embeddable":true,"href":"http:\/\/pedroejulia.com.br\/index.php?rest_route=%2Fwp%2Fv2%2Fcomments&post=17595"}],"wp:featuredmedia":[{"embeddable":true,"href":"http:\/\/pedroejulia.com.br\/index.php?rest_route=\/wp\/v2\/media\/17801"}],"wp:attachment":[{"href":"http:\/\/pedroejulia.com.br\/index.php?rest_route=%2Fwp%2Fv2%2Fmedia&parent=17595"}],"curies":[{"name":"wp","href":"https:\/\/api.w.org\/{rel}","templated":true}]}}