{"id":17601,"date":"2021-03-21T06:02:31","date_gmt":"2021-03-21T09:02:31","guid":{"rendered":"http:\/\/pedroejulia.com.br\/?post_type=product&#038;p=17601"},"modified":"2023-11-01T16:54:31","modified_gmt":"2023-11-01T19:54:31","slug":"te-misturador","status":"publish","type":"product","link":"http:\/\/pedroejulia.com.br\/?product=te-misturador","title":{"rendered":"T\u00ea Misturador"},"content":{"rendered":"<h2><b>Fun\u00e7\u00e3o<\/b><\/h2>\n<p>Recebe \u00e1gua quente e fria, auxilia na mistura das mesmas.<\/p>\n<h2><b>Unidades de Medidas<\/b><\/h2>\n<p>22 x 3\/4, 30CM, 50CM<\/p>\n<h2><b>Instala\u00e7\u00e3o<\/b><\/h2>\n<p>Rosca<\/p>\n","protected":false},"excerpt":{"rendered":"<p>Recebe \u00e1gua quente e fria, auxilia na mistura das mesmas.<\/p>\n","protected":false},"featured_media":17838,"comment_status":"open","ping_status":"closed","template":"","meta":[],"class_list":{"0":"post-17601","1":"product","2":"type-product","3":"status-publish","4":"has-post-thumbnail","6":"product_cat-conexoes-incendio","7":"product_cat-rosca-conexoes-incendio","8":"product_cat-incendio","10":"first","11":"instock","12":"shipping-taxable","13":"product-type-simple"},"_links":{"self":[{"href":"http:\/\/pedroejulia.com.br\/index.php?rest_route=\/wp\/v2\/product\/17601","targetHints":{"allow":["GET"]}}],"collection":[{"href":"http:\/\/pedroejulia.com.br\/index.php?rest_route=\/wp\/v2\/product"}],"about":[{"href":"http:\/\/pedroejulia.com.br\/index.php?rest_route=\/wp\/v2\/types\/product"}],"replies":[{"embeddable":true,"href":"http:\/\/pedroejulia.com.br\/index.php?rest_route=%2Fwp%2Fv2%2Fcomments&post=17601"}],"wp:featuredmedia":[{"embeddable":true,"href":"http:\/\/pedroejulia.com.br\/index.php?rest_route=\/wp\/v2\/media\/17838"}],"wp:attachment":[{"href":"http:\/\/pedroejulia.com.br\/index.php?rest_route=%2Fwp%2Fv2%2Fmedia&parent=17601"}],"curies":[{"name":"wp","href":"https:\/\/api.w.org\/{rel}","templated":true}]}}