{"id":17602,"date":"2021-03-21T06:04:02","date_gmt":"2021-03-21T09:04:02","guid":{"rendered":"http:\/\/pedroejulia.com.br\/?post_type=product&#038;p=17602"},"modified":"2025-04-04T17:57:57","modified_gmt":"2025-04-04T20:57:57","slug":"tubo-aco-galvanizado-5580l","status":"publish","type":"product","link":"http:\/\/pedroejulia.com.br\/?product=tubo-aco-galvanizado-5580l","title":{"rendered":"Tubo A\u00e7o Galvanizado 5580L"},"content":{"rendered":"<h2><b>Fun\u00e7\u00e3o<\/b><\/h2>\n<p>Passagem de \u00e1gua.\u00a0Mais usado na rede de inc\u00eandio.<\/p>\n<h2><b>Unidades de Medidas<\/b><\/h2>\n<p>1, 2.1\/2, 3, 4<span class=\"Apple-converted-space\">\u00a0<\/span><\/p>\n<h2><b>Instala\u00e7\u00e3o<\/b><\/h2>\n<p>Solda \/ Rosca<\/p>\n","protected":false},"excerpt":{"rendered":"<p>Mais usado na rede de inc\u00eandio.<\/p>\n","protected":false},"featured_media":17842,"comment_status":"open","ping_status":"closed","template":"","meta":[],"class_list":{"0":"post-17602","1":"product","2":"type-product","3":"status-publish","4":"has-post-thumbnail","6":"product_cat-ferro-galvanizado","7":"product_cat-ferro-galvanizado-tubos-incendio","8":"product_cat-tubos","9":"product_cat-tubos-incendio","10":"product_cat-incendio","11":"product_cat-gas","13":"first","14":"instock","15":"shipping-taxable","16":"product-type-simple"},"_links":{"self":[{"href":"http:\/\/pedroejulia.com.br\/index.php?rest_route=\/wp\/v2\/product\/17602","targetHints":{"allow":["GET"]}}],"collection":[{"href":"http:\/\/pedroejulia.com.br\/index.php?rest_route=\/wp\/v2\/product"}],"about":[{"href":"http:\/\/pedroejulia.com.br\/index.php?rest_route=\/wp\/v2\/types\/product"}],"replies":[{"embeddable":true,"href":"http:\/\/pedroejulia.com.br\/index.php?rest_route=%2Fwp%2Fv2%2Fcomments&post=17602"}],"wp:featuredmedia":[{"embeddable":true,"href":"http:\/\/pedroejulia.com.br\/index.php?rest_route=\/wp\/v2\/media\/17842"}],"wp:attachment":[{"href":"http:\/\/pedroejulia.com.br\/index.php?rest_route=%2Fwp%2Fv2%2Fmedia&parent=17602"}],"curies":[{"name":"wp","href":"https:\/\/api.w.org\/{rel}","templated":true}]}}