{"id":17605,"date":"2021-03-21T06:08:54","date_gmt":"2021-03-21T09:08:54","guid":{"rendered":"http:\/\/pedroejulia.com.br\/?post_type=product&#038;p=17605"},"modified":"2023-11-01T16:53:11","modified_gmt":"2023-11-01T19:53:11","slug":"valvula-gaveta-europa","status":"publish","type":"product","link":"http:\/\/pedroejulia.com.br\/?product=valvula-gaveta-europa","title":{"rendered":"V\u00e1lvula Gaveta Europa"},"content":{"rendered":"<h2><b>Fun\u00e7\u00e3o<\/b><\/h2>\n<p>Veda\u00e7\u00e3o e durabilidade contra vazamentos.\u00a0Facilita regulagem de vaz\u00e3o.<\/p>\n<h2><b>Unidades de Medidas<\/b><\/h2>\n<p>3\/4, 1.1\/2, 2<\/p>\n<h2><b>Instala\u00e7\u00e3o<\/b><\/h2>\n<p>Rosca<\/p>\n","protected":false},"excerpt":{"rendered":"<p>Veda\u00e7\u00e3o e durabilidade contra vazamentos.<\/p>\n","protected":false},"featured_media":17864,"comment_status":"open","ping_status":"closed","template":"","meta":[],"class_list":{"0":"post-17605","1":"product","2":"type-product","3":"status-publish","4":"has-post-thumbnail","6":"product_cat-valvulas-incendio","7":"product_cat-incendio","9":"first","10":"instock","11":"shipping-taxable","12":"product-type-simple"},"_links":{"self":[{"href":"http:\/\/pedroejulia.com.br\/index.php?rest_route=\/wp\/v2\/product\/17605","targetHints":{"allow":["GET"]}}],"collection":[{"href":"http:\/\/pedroejulia.com.br\/index.php?rest_route=\/wp\/v2\/product"}],"about":[{"href":"http:\/\/pedroejulia.com.br\/index.php?rest_route=\/wp\/v2\/types\/product"}],"replies":[{"embeddable":true,"href":"http:\/\/pedroejulia.com.br\/index.php?rest_route=%2Fwp%2Fv2%2Fcomments&post=17605"}],"wp:featuredmedia":[{"embeddable":true,"href":"http:\/\/pedroejulia.com.br\/index.php?rest_route=\/wp\/v2\/media\/17864"}],"wp:attachment":[{"href":"http:\/\/pedroejulia.com.br\/index.php?rest_route=%2Fwp%2Fv2%2Fmedia&parent=17605"}],"curies":[{"name":"wp","href":"https:\/\/api.w.org\/{rel}","templated":true}]}}