{"id":17608,"date":"2021-03-21T06:13:17","date_gmt":"2021-03-21T09:13:17","guid":{"rendered":"http:\/\/pedroejulia.com.br\/?post_type=product&#038;p=17608"},"modified":"2023-11-01T16:51:57","modified_gmt":"2023-11-01T19:51:57","slug":"valvula-retencao-fundo-de-poco","status":"publish","type":"product","link":"http:\/\/pedroejulia.com.br\/?product=valvula-retencao-fundo-de-poco","title":{"rendered":"V\u00e1lvula Reten\u00e7\u00e3o Fundo de Po\u00e7o"},"content":{"rendered":"<h2><b>Fun\u00e7\u00e3o<\/b><\/h2>\n<p>Funcionam como reten\u00e7\u00f5es verticais, protegendo equipamentos.\u00a0Instaladas nas pontas inferiores da tubula\u00e7\u00e3o.<\/p>\n<h2><b>Unidades de Medidas<\/b><\/h2>\n<p>3\/4, 1, 1.1\/2, 1.1\/4, 2, 2.1\/2, 3, 4, 6<\/p>\n<h2><b>Instala\u00e7\u00e3o<\/b><\/h2>\n<p>Rosca<\/p>\n","protected":false},"excerpt":{"rendered":"<p>Funcionam como reten\u00e7\u00f5es verticais, protegendo equipamentos.<\/p>\n","protected":false},"featured_media":17874,"comment_status":"open","ping_status":"closed","template":"","meta":[],"class_list":{"0":"post-17608","1":"product","2":"type-product","3":"status-publish","4":"has-post-thumbnail","6":"product_cat-valvulas-incendio","7":"product_cat-valvulas","8":"product_cat-incendio","10":"first","11":"instock","12":"shipping-taxable","13":"product-type-simple"},"_links":{"self":[{"href":"http:\/\/pedroejulia.com.br\/index.php?rest_route=\/wp\/v2\/product\/17608","targetHints":{"allow":["GET"]}}],"collection":[{"href":"http:\/\/pedroejulia.com.br\/index.php?rest_route=\/wp\/v2\/product"}],"about":[{"href":"http:\/\/pedroejulia.com.br\/index.php?rest_route=\/wp\/v2\/types\/product"}],"replies":[{"embeddable":true,"href":"http:\/\/pedroejulia.com.br\/index.php?rest_route=%2Fwp%2Fv2%2Fcomments&post=17608"}],"wp:featuredmedia":[{"embeddable":true,"href":"http:\/\/pedroejulia.com.br\/index.php?rest_route=\/wp\/v2\/media\/17874"}],"wp:attachment":[{"href":"http:\/\/pedroejulia.com.br\/index.php?rest_route=%2Fwp%2Fv2%2Fmedia&parent=17608"}],"curies":[{"name":"wp","href":"https:\/\/api.w.org\/{rel}","templated":true}]}}