{"id":17611,"date":"2021-03-21T06:32:54","date_gmt":"2021-03-21T09:32:54","guid":{"rendered":"http:\/\/pedroejulia.com.br\/?post_type=product&#038;p=17611"},"modified":"2023-11-01T16:51:23","modified_gmt":"2023-11-01T19:51:23","slug":"buchas-de-reducao-preto-ou-galvanizado","status":"publish","type":"product","link":"http:\/\/pedroejulia.com.br\/?product=buchas-de-reducao-preto-ou-galvanizado","title":{"rendered":"Buchas de Redu\u00e7\u00e3o (Preto ou Galvanizado)"},"content":{"rendered":"<h2><b>Fun\u00e7\u00e3o<\/b><\/h2>\n<p>Reduzir di\u00e2metro das tubula\u00e7\u00f5es.\u00a0Grande variedade de medidas, facilitando seu uso.<\/p>\n<h2><b>Unidades de Medidas<\/b><\/h2>\n<p><span class=\"Apple-converted-space\">\u00a0<\/span>3\/4 x 1\/2&#8221;, 1\/2 x 1\/4&#8221;,<span class=\"Apple-converted-space\">\u00a0 <\/span>1\/2 x 3\/8&#8221;, 1 x 3\/8&#8242;, 1 x 1\/2&#8221;, 1 x 3\/4&#8221;, 1.1\/4 x 1\/2&#8221;,<span class=\"Apple-converted-space\">\u00a0 <\/span>1.1\/4 x 3\/4&#8221;,<span class=\"Apple-converted-space\">\u00a0 <\/span>1.1\/4 x 1&#8221;, 1.1\/2 x 1\/2&#8221;, 1.1\/2 x 3\/4&#8221;, 1.1\/2 x 1.1\/4&#8221;, 1.1\/2 x 1&#8221;, 2 x 1\/2&#8221;, 2 x 3\/4&#8221;, 2 x 1&#8221;,<span class=\"Apple-converted-space\">\u00a0 <\/span>2 x 1.1\/4&#8242;,<span class=\"Apple-converted-space\">\u00a0 <\/span>2 x 1.1\/2&#8221;,<span class=\"Apple-converted-space\">\u00a0 <\/span>2.1\/2 x 1&#8221;,<span class=\"Apple-converted-space\">\u00a0 <\/span>2.1\/2 x 1.1\/4&#8221; ,<span class=\"Apple-converted-space\">\u00a0 <\/span>2.1\/2 x 1.1\/2&#8221;,<span class=\"Apple-converted-space\">\u00a0 <\/span>2.1\/2 x 2&#8221;,<span class=\"Apple-converted-space\">\u00a0 <\/span>3 x 1.1\/2&#8221;, <span class=\"Apple-converted-space\">\u00a0 <\/span>3 x 2&#8221;,<span class=\"Apple-converted-space\">\u00a0 <\/span>3 x 2.1\/2&#8221;,<span class=\"Apple-converted-space\">\u00a0 <\/span>4 x 2&#8221;,<span class=\"Apple-converted-space\">\u00a0 <\/span>4 x 2.1\/2&#8221;,<span class=\"Apple-converted-space\">\u00a0 <\/span>4 x 3&#8221;,<span class=\"Apple-converted-space\">\u00a0 <\/span>5 x 4&#8221;,<span class=\"Apple-converted-space\">\u00a0 <\/span>6 x 4&#8221;,<span class=\"Apple-converted-space\">\u00a0 <\/span>6 x 5&#8221;<\/p>\n<h2><b>Instala\u00e7\u00e3o<\/b><\/h2>\n<p>Rosca<\/p>\n<h2>Varia\u00e7\u00e3o<\/h2>\n<p>150LBS \/ 300LBS<\/p>\n<p>&nbsp;<\/p>\n","protected":false},"excerpt":{"rendered":"<p>Reduzir di\u00e2metro das tubula\u00e7\u00f5es.<\/p>\n","protected":false},"featured_media":17612,"comment_status":"open","ping_status":"closed","template":"","meta":[],"class_list":{"0":"post-17611","1":"product","2":"type-product","3":"status-publish","4":"has-post-thumbnail","6":"product_cat-conexoes","7":"product_cat-conexoes-incendio","8":"product_cat-rosca","9":"product_cat-rosca-conexoes-incendio","10":"product_cat-incendio","11":"product_cat-gas","13":"first","14":"instock","15":"shipping-taxable","16":"product-type-simple"},"_links":{"self":[{"href":"http:\/\/pedroejulia.com.br\/index.php?rest_route=\/wp\/v2\/product\/17611","targetHints":{"allow":["GET"]}}],"collection":[{"href":"http:\/\/pedroejulia.com.br\/index.php?rest_route=\/wp\/v2\/product"}],"about":[{"href":"http:\/\/pedroejulia.com.br\/index.php?rest_route=\/wp\/v2\/types\/product"}],"replies":[{"embeddable":true,"href":"http:\/\/pedroejulia.com.br\/index.php?rest_route=%2Fwp%2Fv2%2Fcomments&post=17611"}],"wp:featuredmedia":[{"embeddable":true,"href":"http:\/\/pedroejulia.com.br\/index.php?rest_route=\/wp\/v2\/media\/17612"}],"wp:attachment":[{"href":"http:\/\/pedroejulia.com.br\/index.php?rest_route=%2Fwp%2Fv2%2Fmedia&parent=17611"}],"curies":[{"name":"wp","href":"https:\/\/api.w.org\/{rel}","templated":true}]}}