{"id":17617,"date":"2021-03-21T06:43:10","date_gmt":"2021-03-21T09:43:10","guid":{"rendered":"http:\/\/pedroejulia.com.br\/?post_type=product&#038;p=17617"},"modified":"2023-11-01T16:50:52","modified_gmt":"2023-11-01T19:50:52","slug":"cap-ou-tampao-ferro","status":"publish","type":"product","link":"http:\/\/pedroejulia.com.br\/?product=cap-ou-tampao-ferro","title":{"rendered":"Cap ou Tamp\u00e3o (Ferro)"},"content":{"rendered":"<h2><b>Fun\u00e7\u00e3o<\/b><\/h2>\n<p>Utilizados para tampar as tubula\u00e7\u00f5es.\u00a0Capacidade de veda\u00e7\u00e3o das tubula\u00e7\u00f5es.<\/p>\n<h2><b>Unidades de Medidas<\/b><\/h2>\n<p>1\/4&#8221;, 1\/2&#8221;, 3\/4&#8221;, 1&#8221;, 1.1\/4&#8221;, 1.1\/2&#8221;, 2&#8221;, 2.1\/2&#8221;, 3&#8221;, 4&#8221;, 6&#8221;<\/p>\n<h2><b>Instala\u00e7\u00e3o<\/b><\/h2>\n<p>Solda \/ Rosca<\/p>\n<h2>Varia\u00e7\u00e3o<\/h2>\n<p>Reto \/ Galvanizado<\/p>\n","protected":false},"excerpt":{"rendered":"<p>Capacidade de veda\u00e7\u00e3o das tubula\u00e7\u00f5es.<\/p>\n","protected":false},"featured_media":17770,"comment_status":"open","ping_status":"closed","template":"","meta":[],"class_list":{"0":"post-17617","1":"product","2":"type-product","3":"status-publish","4":"has-post-thumbnail","6":"product_cat-conexoes-incendio","7":"product_cat-conexoes","8":"product_cat-rosca","9":"product_cat-rosca-conexoes-incendio","10":"product_cat-incendio","11":"product_cat-gas","13":"first","14":"instock","15":"shipping-taxable","16":"product-type-simple"},"_links":{"self":[{"href":"http:\/\/pedroejulia.com.br\/index.php?rest_route=\/wp\/v2\/product\/17617","targetHints":{"allow":["GET"]}}],"collection":[{"href":"http:\/\/pedroejulia.com.br\/index.php?rest_route=\/wp\/v2\/product"}],"about":[{"href":"http:\/\/pedroejulia.com.br\/index.php?rest_route=\/wp\/v2\/types\/product"}],"replies":[{"embeddable":true,"href":"http:\/\/pedroejulia.com.br\/index.php?rest_route=%2Fwp%2Fv2%2Fcomments&post=17617"}],"wp:featuredmedia":[{"embeddable":true,"href":"http:\/\/pedroejulia.com.br\/index.php?rest_route=\/wp\/v2\/media\/17770"}],"wp:attachment":[{"href":"http:\/\/pedroejulia.com.br\/index.php?rest_route=%2Fwp%2Fv2%2Fmedia&parent=17617"}],"curies":[{"name":"wp","href":"https:\/\/api.w.org\/{rel}","templated":true}]}}