{"id":17621,"date":"2021-03-21T06:47:47","date_gmt":"2021-03-21T09:47:47","guid":{"rendered":"http:\/\/pedroejulia.com.br\/?post_type=product&#038;p=17621"},"modified":"2023-11-01T16:50:24","modified_gmt":"2023-11-01T19:50:24","slug":"conectores-femea-rosca-interna","status":"publish","type":"product","link":"http:\/\/pedroejulia.com.br\/?product=conectores-femea-rosca-interna","title":{"rendered":"Conectores F\u00eamea (Rosca Interna)"},"content":{"rendered":"<h2><b>Fun\u00e7\u00e3o<\/b><\/h2>\n<p>Unir um tubo de solda a um tubo (ou conex\u00e3o) de rosca.\u00a0Serve para todas as classes de tubos de cobre.<\/p>\n<h2><b>Unidades de Medidas<\/b><\/h2>\n<p>15MM X 1\/2&#8221;, 22MM X 1\/2&#8221;, 22MM X 3\/4&#8221;, 22MM X 1&#8221;,28 MM X 1&#8221;, 35MM X 1.1\/4&#8221;, 42MM X 1.1\/2&#8221;, 54MM X 2&#8221;, 66MM X 2.1\/2&#8221;, 79MM X 3&#8221;, 104MM X 4&#8221;<\/p>\n<h2><b>Instala\u00e7\u00e3o<\/b><\/h2>\n<p>Solda\/Rosca<\/p>\n","protected":false},"excerpt":{"rendered":"<p>Serve para todas as classes de tubos de cobre.<\/p>\n","protected":false},"featured_media":17772,"comment_status":"open","ping_status":"closed","template":"","meta":[],"class_list":{"0":"post-17621","1":"product","2":"type-product","3":"status-publish","4":"has-post-thumbnail","6":"product_cat-rosca","7":"product_cat-rosca-conexoes-incendio","8":"product_cat-incendio","9":"product_cat-gas","11":"first","12":"instock","13":"shipping-taxable","14":"product-type-simple"},"_links":{"self":[{"href":"http:\/\/pedroejulia.com.br\/index.php?rest_route=\/wp\/v2\/product\/17621","targetHints":{"allow":["GET"]}}],"collection":[{"href":"http:\/\/pedroejulia.com.br\/index.php?rest_route=\/wp\/v2\/product"}],"about":[{"href":"http:\/\/pedroejulia.com.br\/index.php?rest_route=\/wp\/v2\/types\/product"}],"replies":[{"embeddable":true,"href":"http:\/\/pedroejulia.com.br\/index.php?rest_route=%2Fwp%2Fv2%2Fcomments&post=17621"}],"wp:featuredmedia":[{"embeddable":true,"href":"http:\/\/pedroejulia.com.br\/index.php?rest_route=\/wp\/v2\/media\/17772"}],"wp:attachment":[{"href":"http:\/\/pedroejulia.com.br\/index.php?rest_route=%2Fwp%2Fv2%2Fmedia&parent=17621"}],"curies":[{"name":"wp","href":"https:\/\/api.w.org\/{rel}","templated":true}]}}