{"id":17629,"date":"2021-03-21T06:57:19","date_gmt":"2021-03-21T09:57:19","guid":{"rendered":"http:\/\/pedroejulia.com.br\/?post_type=product&#038;p=17629"},"modified":"2023-11-01T16:49:21","modified_gmt":"2023-11-01T19:49:21","slug":"flange-liso-aco-carbono","status":"publish","type":"product","link":"http:\/\/pedroejulia.com.br\/?product=flange-liso-aco-carbono","title":{"rendered":"Flange Liso ( A\u00e7o Carbono)"},"content":{"rendered":"<h2><b>Fun\u00e7\u00e3o<\/b><\/h2>\n<p>Une dois componentes de um sistema de tubula\u00e7\u00e3o.\u00a0Montados em pares, mantendo a compress\u00e3o na tubula\u00e7\u00e3o e evitando vazamentos.<\/p>\n<h2><b>Unidades de Medidas<\/b><\/h2>\n<p>2, 3, 4, 5, 6, 8, 10<\/p>\n<h2><b>Instala\u00e7\u00e3o<\/b><\/h2>\n<p>Montagem<\/p>\n","protected":false},"excerpt":{"rendered":"<p>Une dois componentes de um sistema de tubula\u00e7\u00e3o.<\/p>\n","protected":false},"featured_media":17785,"comment_status":"open","ping_status":"closed","template":"","meta":[],"class_list":{"0":"post-17629","1":"product","2":"type-product","3":"status-publish","4":"has-post-thumbnail","6":"product_cat-conexoes-incendio","7":"product_cat-solda","8":"product_cat-solda-conexoes-incendio","9":"product_cat-incendio","10":"product_cat-gas","12":"first","13":"instock","14":"shipping-taxable","15":"product-type-simple"},"_links":{"self":[{"href":"http:\/\/pedroejulia.com.br\/index.php?rest_route=\/wp\/v2\/product\/17629","targetHints":{"allow":["GET"]}}],"collection":[{"href":"http:\/\/pedroejulia.com.br\/index.php?rest_route=\/wp\/v2\/product"}],"about":[{"href":"http:\/\/pedroejulia.com.br\/index.php?rest_route=\/wp\/v2\/types\/product"}],"replies":[{"embeddable":true,"href":"http:\/\/pedroejulia.com.br\/index.php?rest_route=%2Fwp%2Fv2%2Fcomments&post=17629"}],"wp:featuredmedia":[{"embeddable":true,"href":"http:\/\/pedroejulia.com.br\/index.php?rest_route=\/wp\/v2\/media\/17785"}],"wp:attachment":[{"href":"http:\/\/pedroejulia.com.br\/index.php?rest_route=%2Fwp%2Fv2%2Fmedia&parent=17629"}],"curies":[{"name":"wp","href":"https:\/\/api.w.org\/{rel}","templated":true}]}}