{"id":17637,"date":"2021-03-21T07:15:08","date_gmt":"2021-03-21T10:15:08","guid":{"rendered":"http:\/\/pedroejulia.com.br\/?post_type=product&#038;p=17637"},"modified":"2023-11-01T16:48:01","modified_gmt":"2023-11-01T19:48:01","slug":"joelho-de-reducao-galvanizado-ou-preto","status":"publish","type":"product","link":"http:\/\/pedroejulia.com.br\/?product=joelho-de-reducao-galvanizado-ou-preto","title":{"rendered":"Joelho de Redu\u00e7\u00e3o (Galvanizado ou Preto)"},"content":{"rendered":"<h2><b>Fun\u00e7\u00e3o<\/b><\/h2>\n<p>Une, direciona as tubula\u00e7\u00f5es e aumenta press\u00e3o do fluido.<\/p>\n<h2><b>Unidades de Medidas<\/b><\/h2>\n<p>3\/4 X 1\/2&#8221;, 1 x 1\/2&#8221;, 1 x 3\/4&#8221;, 1.1\/2 x 3\/4&#8221;, 1.1\/2 x 1.1\/4&#8221;, 1.1\/2 x 1&#8221;, 2 x 1.1\/2&#8221;, 2.1\/2 x 2&#8221;<\/p>\n<h2><b>Instala\u00e7\u00e3o<\/b><\/h2>\n<p>Rosca<\/p>\n<h2>Varia\u00e7\u00e3o<\/h2>\n<p>Preto \/ Galvanizado<\/p>\n","protected":false},"excerpt":{"rendered":"<p>Une, direciona as tubula\u00e7\u00f5es e aumenta press\u00e3o do fluido.<\/p>\n","protected":false},"featured_media":17791,"comment_status":"open","ping_status":"closed","template":"","meta":[],"class_list":{"0":"post-17637","1":"product","2":"type-product","3":"status-publish","4":"has-post-thumbnail","6":"product_cat-conexoes-incendio","7":"product_cat-conexoes","8":"product_cat-rosca","9":"product_cat-rosca-conexoes-incendio","10":"product_cat-incendio","11":"product_cat-gas","13":"first","14":"instock","15":"shipping-taxable","16":"product-type-simple"},"_links":{"self":[{"href":"http:\/\/pedroejulia.com.br\/index.php?rest_route=\/wp\/v2\/product\/17637","targetHints":{"allow":["GET"]}}],"collection":[{"href":"http:\/\/pedroejulia.com.br\/index.php?rest_route=\/wp\/v2\/product"}],"about":[{"href":"http:\/\/pedroejulia.com.br\/index.php?rest_route=\/wp\/v2\/types\/product"}],"replies":[{"embeddable":true,"href":"http:\/\/pedroejulia.com.br\/index.php?rest_route=%2Fwp%2Fv2%2Fcomments&post=17637"}],"wp:featuredmedia":[{"embeddable":true,"href":"http:\/\/pedroejulia.com.br\/index.php?rest_route=\/wp\/v2\/media\/17791"}],"wp:attachment":[{"href":"http:\/\/pedroejulia.com.br\/index.php?rest_route=%2Fwp%2Fv2%2Fmedia&parent=17637"}],"curies":[{"name":"wp","href":"https:\/\/api.w.org\/{rel}","templated":true}]}}