{"id":17643,"date":"2021-03-21T07:27:02","date_gmt":"2021-03-21T10:27:02","guid":{"rendered":"http:\/\/pedroejulia.com.br\/?post_type=product&#038;p=17643"},"modified":"2023-11-01T16:47:22","modified_gmt":"2023-11-01T19:47:22","slug":"junta-de-flange-aco","status":"publish","type":"product","link":"http:\/\/pedroejulia.com.br\/?product=junta-de-flange-aco","title":{"rendered":"Junta de Flange A\u00e7o"},"content":{"rendered":"<h2><b>Fun\u00e7\u00e3o<\/b><\/h2>\n<p>Proporciona a veda\u00e7\u00e3o entre as flanges.\u00a0Encaixado na flange.<span class=\"Apple-converted-space\">\u00a0<\/span><\/p>\n<h2><b>Unidades de Medidas<\/b><\/h2>\n<p>1.1\/4&#8221;, 1.1\/2&#8221;, 2&#8221;, 2.1\/2&#8221;, 3&#8221;, 4&#8221;, 6&#8221;, 8&#8221;<\/p>\n<h2><b>Instala\u00e7\u00e3o<\/b><\/h2>\n<p>Encaixe<\/p>\n","protected":false},"excerpt":{"rendered":"<p>Proporciona a veda\u00e7\u00e3o entre as flanges.<\/p>\n","protected":false},"featured_media":17794,"comment_status":"open","ping_status":"closed","template":"","meta":[],"class_list":{"0":"post-17643","1":"product","2":"type-product","3":"status-publish","4":"has-post-thumbnail","6":"product_cat-conexoes-incendio","7":"product_cat-solda","8":"product_cat-solda-conexoes-incendio","9":"product_cat-incendio","10":"product_cat-gas","12":"first","13":"instock","14":"shipping-taxable","15":"product-type-simple"},"_links":{"self":[{"href":"http:\/\/pedroejulia.com.br\/index.php?rest_route=\/wp\/v2\/product\/17643","targetHints":{"allow":["GET"]}}],"collection":[{"href":"http:\/\/pedroejulia.com.br\/index.php?rest_route=\/wp\/v2\/product"}],"about":[{"href":"http:\/\/pedroejulia.com.br\/index.php?rest_route=\/wp\/v2\/types\/product"}],"replies":[{"embeddable":true,"href":"http:\/\/pedroejulia.com.br\/index.php?rest_route=%2Fwp%2Fv2%2Fcomments&post=17643"}],"wp:featuredmedia":[{"embeddable":true,"href":"http:\/\/pedroejulia.com.br\/index.php?rest_route=\/wp\/v2\/media\/17794"}],"wp:attachment":[{"href":"http:\/\/pedroejulia.com.br\/index.php?rest_route=%2Fwp%2Fv2%2Fmedia&parent=17643"}],"curies":[{"name":"wp","href":"https:\/\/api.w.org\/{rel}","templated":true}]}}