{"id":17662,"date":"2021-03-21T09:18:43","date_gmt":"2021-03-21T12:18:43","guid":{"rendered":"http:\/\/pedroejulia.com.br\/?post_type=product&#038;p=17662"},"modified":"2023-11-01T16:35:56","modified_gmt":"2023-11-01T19:35:56","slug":"tampao-com-sextavado","status":"publish","type":"product","link":"http:\/\/pedroejulia.com.br\/?product=tampao-com-sextavado","title":{"rendered":"Tamp\u00e3o com Sextavado"},"content":{"rendered":"<h2><b>Fun\u00e7\u00e3o<\/b><\/h2>\n<p>Utilizado para transfer\u00eancia e condu\u00e7\u00e3o de l\u00edquidos.<\/p>\n<h2><b>Unidades de Medidas<\/b><\/h2>\n<p>1, 1.1\/2, 1.1\/4, 1\/2, 1\/4, 2, 2.1\/2, 3, 3\/4, 4, 6<\/p>\n<h2><b>Varia\u00e7\u00e3o<\/b><\/h2>\n<p>150 LBS \/ 300LBS<\/p>\n","protected":false},"excerpt":{"rendered":"<p>Utilizado para transfer\u00eancia e condu\u00e7\u00e3o de l\u00edquido<\/p>\n","protected":false},"featured_media":17819,"comment_status":"open","ping_status":"closed","template":"","meta":[],"class_list":{"0":"post-17662","1":"product","2":"type-product","3":"status-publish","4":"has-post-thumbnail","6":"product_cat-conexoes","7":"product_cat-conexoes-incendio","8":"product_cat-rosca","9":"product_cat-rosca-conexoes-incendio","10":"product_cat-incendio","11":"product_cat-gas","13":"first","14":"instock","15":"shipping-taxable","16":"product-type-simple"},"_links":{"self":[{"href":"http:\/\/pedroejulia.com.br\/index.php?rest_route=\/wp\/v2\/product\/17662","targetHints":{"allow":["GET"]}}],"collection":[{"href":"http:\/\/pedroejulia.com.br\/index.php?rest_route=\/wp\/v2\/product"}],"about":[{"href":"http:\/\/pedroejulia.com.br\/index.php?rest_route=\/wp\/v2\/types\/product"}],"replies":[{"embeddable":true,"href":"http:\/\/pedroejulia.com.br\/index.php?rest_route=%2Fwp%2Fv2%2Fcomments&post=17662"}],"wp:featuredmedia":[{"embeddable":true,"href":"http:\/\/pedroejulia.com.br\/index.php?rest_route=\/wp\/v2\/media\/17819"}],"wp:attachment":[{"href":"http:\/\/pedroejulia.com.br\/index.php?rest_route=%2Fwp%2Fv2%2Fmedia&parent=17662"}],"curies":[{"name":"wp","href":"https:\/\/api.w.org\/{rel}","templated":true}]}}