{"id":17668,"date":"2021-03-21T09:25:34","date_gmt":"2021-03-21T12:25:34","guid":{"rendered":"http:\/\/pedroejulia.com.br\/?post_type=product&#038;p=17668"},"modified":"2023-11-01T16:29:08","modified_gmt":"2023-11-01T19:29:08","slug":"te-de-cobre","status":"publish","type":"product","link":"http:\/\/pedroejulia.com.br\/?product=te-de-cobre","title":{"rendered":"T\u00ea de Cobre"},"content":{"rendered":"<h2><b>Fun\u00e7\u00e3o<\/b><\/h2>\n<p>Uni\u00e3o de tubos em dire\u00e7\u00f5es perpendiculares.<\/p>\n<h2><b>Unidades de Medidas<\/b><\/h2>\n<p>15MM, 22MM, 28MM, 35MM, 42MM, 54MM, 66MM, 79MM<span class=\"Apple-converted-space\">\u00a0<\/span><\/p>\n<h2><b>Instala\u00e7\u00e3o<\/b><\/h2>\n<p>Rosca<\/p>\n","protected":false},"excerpt":{"rendered":"<p>Uni\u00e3o de tubos em dire\u00e7\u00f5es perpendiculares.<\/p>\n","protected":false},"featured_media":17831,"comment_status":"open","ping_status":"closed","template":"","meta":[],"class_list":{"0":"post-17668","1":"product","2":"type-product","3":"status-publish","4":"has-post-thumbnail","6":"product_cat-conexoes-incendio","7":"product_cat-conexoes","8":"product_cat-rosca","9":"product_cat-rosca-conexoes-incendio","10":"product_cat-incendio","11":"product_cat-gas","13":"first","14":"instock","15":"shipping-taxable","16":"product-type-simple"},"_links":{"self":[{"href":"http:\/\/pedroejulia.com.br\/index.php?rest_route=\/wp\/v2\/product\/17668","targetHints":{"allow":["GET"]}}],"collection":[{"href":"http:\/\/pedroejulia.com.br\/index.php?rest_route=\/wp\/v2\/product"}],"about":[{"href":"http:\/\/pedroejulia.com.br\/index.php?rest_route=\/wp\/v2\/types\/product"}],"replies":[{"embeddable":true,"href":"http:\/\/pedroejulia.com.br\/index.php?rest_route=%2Fwp%2Fv2%2Fcomments&post=17668"}],"wp:featuredmedia":[{"embeddable":true,"href":"http:\/\/pedroejulia.com.br\/index.php?rest_route=\/wp\/v2\/media\/17831"}],"wp:attachment":[{"href":"http:\/\/pedroejulia.com.br\/index.php?rest_route=%2Fwp%2Fv2%2Fmedia&parent=17668"}],"curies":[{"name":"wp","href":"https:\/\/api.w.org\/{rel}","templated":true}]}}