{"id":17669,"date":"2021-03-21T10:06:54","date_gmt":"2021-03-21T13:06:54","guid":{"rendered":"http:\/\/pedroejulia.com.br\/?post_type=product&#038;p=17669"},"modified":"2023-11-01T16:28:51","modified_gmt":"2023-11-01T19:28:51","slug":"te-de-metal","status":"publish","type":"product","link":"http:\/\/pedroejulia.com.br\/?product=te-de-metal","title":{"rendered":"T\u00ea de Metal"},"content":{"rendered":"<h2><b>Fun\u00e7\u00e3o<\/b><\/h2>\n<p>Uni\u00e3o de tubos em dire\u00e7\u00f5es perpendiculares.<\/p>\n<h2><b>Unidades de Medidas<\/b><\/h2>\n<p>1, 1.1\/2, 1.1\/4, 1\/2, 2, 3 , 3\/4<\/p>\n<h2><b>Instala\u00e7\u00e3o<\/b><\/h2>\n<p>Rosca<\/p>\n","protected":false},"excerpt":{"rendered":"<p>Uni\u00e3o de tubos em dire\u00e7\u00f5es perpendiculares.<\/p>\n","protected":false},"featured_media":17832,"comment_status":"open","ping_status":"closed","template":"","meta":[],"class_list":{"0":"post-17669","1":"product","2":"type-product","3":"status-publish","4":"has-post-thumbnail","6":"product_cat-conexoes","7":"product_cat-conexoes-incendio","8":"product_cat-rosca","9":"product_cat-rosca-conexoes-incendio","10":"product_cat-incendio","11":"product_cat-gas","13":"first","14":"instock","15":"shipping-taxable","16":"product-type-simple"},"_links":{"self":[{"href":"http:\/\/pedroejulia.com.br\/index.php?rest_route=\/wp\/v2\/product\/17669","targetHints":{"allow":["GET"]}}],"collection":[{"href":"http:\/\/pedroejulia.com.br\/index.php?rest_route=\/wp\/v2\/product"}],"about":[{"href":"http:\/\/pedroejulia.com.br\/index.php?rest_route=\/wp\/v2\/types\/product"}],"replies":[{"embeddable":true,"href":"http:\/\/pedroejulia.com.br\/index.php?rest_route=%2Fwp%2Fv2%2Fcomments&post=17669"}],"wp:featuredmedia":[{"embeddable":true,"href":"http:\/\/pedroejulia.com.br\/index.php?rest_route=\/wp\/v2\/media\/17832"}],"wp:attachment":[{"href":"http:\/\/pedroejulia.com.br\/index.php?rest_route=%2Fwp%2Fv2%2Fmedia&parent=17669"}],"curies":[{"name":"wp","href":"https:\/\/api.w.org\/{rel}","templated":true}]}}