{"id":17670,"date":"2021-03-21T10:08:04","date_gmt":"2021-03-21T13:08:04","guid":{"rendered":"http:\/\/pedroejulia.com.br\/?post_type=product&#038;p=17670"},"modified":"2023-11-01T16:28:31","modified_gmt":"2023-11-01T19:28:31","slug":"te-de-reducao-galvanizado-ou-preto","status":"publish","type":"product","link":"http:\/\/pedroejulia.com.br\/?product=te-de-reducao-galvanizado-ou-preto","title":{"rendered":"T\u00ea de Redu\u00e7\u00e3o (Galvanizado ou Preto)"},"content":{"rendered":"<h2><b>Fun\u00e7\u00e3o<\/b><\/h2>\n<p>Fazer redu\u00e7\u00f5es em tubula\u00e7\u00f5es formando um t\u00ea.<\/p>\n<h2><b>Unidades de Medidas<\/b><\/h2>\n<p>1 x 1\/2, 1 x 3\/4, 1.1\/2 x 1, 1.1\/2 x 1.1\/4, 1.1\/2 x 1\/2, 1.1\/2 x 3\/4, 1.1\/4 x 1, 1.1\/4 x 1\/2, 1.1\/4 x 3\/4, 2 x 1, 2 x 1.1\/2, 2 x 1.1\/4, 2 x 1\/2, 2 x 3\/4, 2.1\/2 x 1, 2.1\/2 x 1.1\/2, 2.1\/2 x 1.1\/4, 2.1\/2 x 2, 3 x 1, 3 x 1.1\/2, 3 x 1.1\/4, 3 x 2, 3 x 2.1\/2, 3\/4 x 1\/2, 4 x 2, 4 x 2.1\/2, 4 x 3<\/p>\n<h2><b>Instala\u00e7\u00e3o<\/b><\/h2>\n<p>Solda \/ Rosca<\/p>\n","protected":false},"excerpt":{"rendered":"<p>Fazer redu\u00e7\u00f5es em tubula\u00e7\u00f5es formando um t\u00ea.<\/p>\n","protected":false},"featured_media":17833,"comment_status":"open","ping_status":"closed","template":"","meta":[],"class_list":{"0":"post-17670","1":"product","2":"type-product","3":"status-publish","4":"has-post-thumbnail","6":"product_cat-conexoes","7":"product_cat-conexoes-incendio","8":"product_cat-rosca-conexoes-incendio","9":"product_cat-rosca","10":"product_cat-incendio","11":"product_cat-gas","13":"first","14":"instock","15":"shipping-taxable","16":"product-type-simple"},"_links":{"self":[{"href":"http:\/\/pedroejulia.com.br\/index.php?rest_route=\/wp\/v2\/product\/17670","targetHints":{"allow":["GET"]}}],"collection":[{"href":"http:\/\/pedroejulia.com.br\/index.php?rest_route=\/wp\/v2\/product"}],"about":[{"href":"http:\/\/pedroejulia.com.br\/index.php?rest_route=\/wp\/v2\/types\/product"}],"replies":[{"embeddable":true,"href":"http:\/\/pedroejulia.com.br\/index.php?rest_route=%2Fwp%2Fv2%2Fcomments&post=17670"}],"wp:featuredmedia":[{"embeddable":true,"href":"http:\/\/pedroejulia.com.br\/index.php?rest_route=\/wp\/v2\/media\/17833"}],"wp:attachment":[{"href":"http:\/\/pedroejulia.com.br\/index.php?rest_route=%2Fwp%2Fv2%2Fmedia&parent=17670"}],"curies":[{"name":"wp","href":"https:\/\/api.w.org\/{rel}","templated":true}]}}