{"id":17672,"date":"2021-03-21T10:10:29","date_gmt":"2021-03-21T13:10:29","guid":{"rendered":"http:\/\/pedroejulia.com.br\/?post_type=product&#038;p=17672"},"modified":"2023-11-01T16:25:59","modified_gmt":"2023-11-01T19:25:59","slug":"te-de-reducao-metal","status":"publish","type":"product","link":"http:\/\/pedroejulia.com.br\/?product=te-de-reducao-metal","title":{"rendered":"T\u00ea de Redu\u00e7\u00e3o Metal"},"content":{"rendered":"<h2><b>Fun\u00e7\u00e3o<\/b><\/h2>\n<p>Fazer redu\u00e7\u00f5es em tubula\u00e7\u00f5es formando um t\u00ea.<\/p>\n<h2><b>Unidades de Medidas<\/b><\/h2>\n<p>1 x 3\/4, 15 x 1\/2, 22 x 1\/2, 22 x 3\/4, 28 x 1, 28 x 1\/2, 28 x 3\/4, 42 x 1,<span class=\"Apple-converted-space\">\u00a0<\/span><\/p>\n<p>&nbsp;<\/p>\n","protected":false},"excerpt":{"rendered":"<p>Fazer redu\u00e7\u00f5es em tubula\u00e7\u00f5es formando um t\u00ea.<\/p>\n","protected":false},"featured_media":17837,"comment_status":"open","ping_status":"closed","template":"","meta":[],"class_list":{"0":"post-17672","1":"product","2":"type-product","3":"status-publish","4":"has-post-thumbnail","6":"product_cat-conexoes-incendio","7":"product_cat-conexoes","8":"product_cat-rosca","9":"product_cat-rosca-conexoes-incendio","10":"product_cat-incendio","11":"product_cat-gas","13":"first","14":"instock","15":"shipping-taxable","16":"product-type-simple"},"_links":{"self":[{"href":"http:\/\/pedroejulia.com.br\/index.php?rest_route=\/wp\/v2\/product\/17672","targetHints":{"allow":["GET"]}}],"collection":[{"href":"http:\/\/pedroejulia.com.br\/index.php?rest_route=\/wp\/v2\/product"}],"about":[{"href":"http:\/\/pedroejulia.com.br\/index.php?rest_route=\/wp\/v2\/types\/product"}],"replies":[{"embeddable":true,"href":"http:\/\/pedroejulia.com.br\/index.php?rest_route=%2Fwp%2Fv2%2Fcomments&post=17672"}],"wp:featuredmedia":[{"embeddable":true,"href":"http:\/\/pedroejulia.com.br\/index.php?rest_route=\/wp\/v2\/media\/17837"}],"wp:attachment":[{"href":"http:\/\/pedroejulia.com.br\/index.php?rest_route=%2Fwp%2Fv2%2Fmedia&parent=17672"}],"curies":[{"name":"wp","href":"https:\/\/api.w.org\/{rel}","templated":true}]}}