{"id":17674,"date":"2021-03-21T10:16:27","date_gmt":"2021-03-21T13:16:27","guid":{"rendered":"http:\/\/pedroejulia.com.br\/?post_type=product&#038;p=17674"},"modified":"2026-03-22T03:02:21","modified_gmt":"2026-03-22T06:02:21","slug":"tubo-aco-galvanizado-5580m","status":"publish","type":"product","link":"http:\/\/pedroejulia.com.br\/?product=tubo-aco-galvanizado-5580m","title":{"rendered":"Tubo A\u00e7o Galvanizado 5580M"},"content":{"rendered":"<h2><b>Fun\u00e7\u00e3o<\/b><\/h2>\n<p>Passagem de \u00e1gua, g\u00e1s, vapor, \u00f3leo e outras aplica\u00e7\u00f5es hidr\u00e1ulicas de at\u00e9 300lbs de press\u00e3o.<\/p>\n<h2><b>Unidades de Medidas<\/b><\/h2>\n<p>1, 1.1\/2, 1.1\/4, 1\/2, 2, 2.1\/2, 3, 4, 6<\/p>\n<h2><b>Instala\u00e7\u00e3o<\/b><\/h2>\n<p>Solda \/ Rosca<\/p>\n","protected":false},"excerpt":{"rendered":"<p>Passagem de \u00e1gua, g\u00e1s, vapor, \u00f3leo e outras aplica\u00e7\u00f5es hidr\u00e1ulicas de at\u00e9 300lbs de press\u00e3o.<\/p>\n","protected":false},"featured_media":17842,"comment_status":"open","ping_status":"closed","template":"","meta":[],"class_list":{"0":"post-17674","1":"product","2":"type-product","3":"status-publish","4":"has-post-thumbnail","6":"product_cat-ferro-galvanizado","7":"product_cat-ferro-galvanizado-tubos-incendio","8":"product_cat-tubos","9":"product_cat-tubos-incendio","10":"product_cat-incendio","11":"product_cat-gas","13":"first","14":"instock","15":"shipping-taxable","16":"product-type-simple"},"_links":{"self":[{"href":"http:\/\/pedroejulia.com.br\/index.php?rest_route=\/wp\/v2\/product\/17674","targetHints":{"allow":["GET"]}}],"collection":[{"href":"http:\/\/pedroejulia.com.br\/index.php?rest_route=\/wp\/v2\/product"}],"about":[{"href":"http:\/\/pedroejulia.com.br\/index.php?rest_route=\/wp\/v2\/types\/product"}],"replies":[{"embeddable":true,"href":"http:\/\/pedroejulia.com.br\/index.php?rest_route=%2Fwp%2Fv2%2Fcomments&post=17674"}],"wp:featuredmedia":[{"embeddable":true,"href":"http:\/\/pedroejulia.com.br\/index.php?rest_route=\/wp\/v2\/media\/17842"}],"wp:attachment":[{"href":"http:\/\/pedroejulia.com.br\/index.php?rest_route=%2Fwp%2Fv2%2Fmedia&parent=17674"}],"curies":[{"name":"wp","href":"https:\/\/api.w.org\/{rel}","templated":true}]}}