{"id":17677,"date":"2021-03-21T10:21:07","date_gmt":"2021-03-21T13:21:07","guid":{"rendered":"http:\/\/pedroejulia.com.br\/?post_type=product&#038;p=17677"},"modified":"2025-09-09T12:06:07","modified_gmt":"2025-09-09T15:06:07","slug":"tubo-de-cobre-c-a-2","status":"publish","type":"product","link":"http:\/\/pedroejulia.com.br\/?product=tubo-de-cobre-c-a-2","title":{"rendered":"Tubo de Cobre C\/A"},"content":{"rendered":"<h2><b>Fun\u00e7\u00e3o<\/b><\/h2>\n<p>Passagem de gases em geral, combust\u00edveis e todas as fun\u00e7\u00f5es dos tubos classe E.\u00a0Classe de tubos mais vendidos para instala\u00e7\u00f5es em hospitais.<\/p>\n<h2><b>Unidades de Medidas<\/b><\/h2>\n<p>15MM, 22MM, 28MM, 35MM, 42MM, 54MM, 66MM, 79MM, 104MM &#8211; Comprimento: 5 METROS<\/p>\n<h2><b>Instala\u00e7\u00e3o<\/b><\/h2>\n<p>Solda<\/p>\n","protected":false},"excerpt":{"rendered":"<p>Classe de tubos mais vendidos para instala\u00e7\u00f5es em hospitais.<\/p>\n","protected":false},"featured_media":17847,"comment_status":"open","ping_status":"closed","template":"","meta":[],"class_list":{"0":"post-17677","1":"product","2":"type-product","3":"status-publish","4":"has-post-thumbnail","6":"product_cat-tubos","7":"product_cat-tubos-incendio","8":"product_cat-incendio","9":"product_cat-gas","11":"first","12":"instock","13":"shipping-taxable","14":"product-type-simple"},"_links":{"self":[{"href":"http:\/\/pedroejulia.com.br\/index.php?rest_route=\/wp\/v2\/product\/17677","targetHints":{"allow":["GET"]}}],"collection":[{"href":"http:\/\/pedroejulia.com.br\/index.php?rest_route=\/wp\/v2\/product"}],"about":[{"href":"http:\/\/pedroejulia.com.br\/index.php?rest_route=\/wp\/v2\/types\/product"}],"replies":[{"embeddable":true,"href":"http:\/\/pedroejulia.com.br\/index.php?rest_route=%2Fwp%2Fv2%2Fcomments&post=17677"}],"wp:featuredmedia":[{"embeddable":true,"href":"http:\/\/pedroejulia.com.br\/index.php?rest_route=\/wp\/v2\/media\/17847"}],"wp:attachment":[{"href":"http:\/\/pedroejulia.com.br\/index.php?rest_route=%2Fwp%2Fv2%2Fmedia&parent=17677"}],"curies":[{"name":"wp","href":"https:\/\/api.w.org\/{rel}","templated":true}]}}