{"id":17678,"date":"2021-03-21T10:25:05","date_gmt":"2021-03-21T13:25:05","guid":{"rendered":"http:\/\/pedroejulia.com.br\/?post_type=product&#038;p=17678"},"modified":"2026-04-16T11:18:16","modified_gmt":"2026-04-16T14:18:16","slug":"tubo-de-cobre-c-e","status":"publish","type":"product","link":"http:\/\/pedroejulia.com.br\/?product=tubo-de-cobre-c-e","title":{"rendered":"Tubo de Cobre C\/E"},"content":{"rendered":"<h2><b>Fun\u00e7\u00e3o<\/b><\/h2>\n<p>Passagem de \u00e1gua quente e\/ ou fria; Combate a inc\u00eandio.\u00a0Classe de tubos mais vendida para instala\u00e7\u00f5es de aquecimento de \u00e1gua, fog\u00f5es, aquecedores, etc.<\/p>\n<h2><b>Unidades de Medidas<\/b><\/h2>\n<p>15MM, 22MM, 28MM, 35MM, 42MM, 54MM, 66MM, 79MM, 104MM<span class=\"Apple-converted-space\">\u00a0<\/span><\/p>\n<h2><b>Instala\u00e7\u00e3o<\/b><\/h2>\n<p>Solda<\/p>\n","protected":false},"excerpt":{"rendered":"<p>Passagem de \u00e1gua quente e\/ ou fria; Combate a inc\u00eandio.<\/p>\n","protected":false},"featured_media":17849,"comment_status":"open","ping_status":"closed","template":"","meta":[],"class_list":{"0":"post-17678","1":"product","2":"type-product","3":"status-publish","4":"has-post-thumbnail","6":"product_cat-cobre","7":"product_cat-tubos","8":"product_cat-tubos-incendio","9":"product_cat-incendio","10":"product_cat-gas","12":"first","13":"instock","14":"shipping-taxable","15":"product-type-simple"},"_links":{"self":[{"href":"http:\/\/pedroejulia.com.br\/index.php?rest_route=\/wp\/v2\/product\/17678","targetHints":{"allow":["GET"]}}],"collection":[{"href":"http:\/\/pedroejulia.com.br\/index.php?rest_route=\/wp\/v2\/product"}],"about":[{"href":"http:\/\/pedroejulia.com.br\/index.php?rest_route=\/wp\/v2\/types\/product"}],"replies":[{"embeddable":true,"href":"http:\/\/pedroejulia.com.br\/index.php?rest_route=%2Fwp%2Fv2%2Fcomments&post=17678"}],"wp:featuredmedia":[{"embeddable":true,"href":"http:\/\/pedroejulia.com.br\/index.php?rest_route=\/wp\/v2\/media\/17849"}],"wp:attachment":[{"href":"http:\/\/pedroejulia.com.br\/index.php?rest_route=%2Fwp%2Fv2%2Fmedia&parent=17678"}],"curies":[{"name":"wp","href":"https:\/\/api.w.org\/{rel}","templated":true}]}}