{"id":17680,"date":"2021-03-21T10:28:11","date_gmt":"2021-03-21T13:28:11","guid":{"rendered":"http:\/\/pedroejulia.com.br\/?post_type=product&#038;p=17680"},"modified":"2023-11-01T16:17:41","modified_gmt":"2023-11-01T19:17:41","slug":"tubo-sch-10","status":"publish","type":"product","link":"http:\/\/pedroejulia.com.br\/?product=tubo-sch-10","title":{"rendered":"Tubo SCH-10"},"content":{"rendered":"<h2><b>Fun\u00e7\u00e3o<\/b><\/h2>\n<p>Passagem de \u00e1gua, g\u00e1s, vapor, \u00f3leo e outras aplica\u00e7\u00f5es hidr\u00e1ulicas de at\u00e9 300lbs de press\u00e3o.\u00a0Tubula\u00e7\u00e3o mais fina e leve que as classes 5580 e 5580M.<\/p>\n<h2><b>Unidades de Medidas<\/b><\/h2>\n<p>1\/2&#8221;, 3\/4&#8221;, 1&#8221;, 1.1\/4&#8221;, 1.1\/2&#8221;, 2&#8221;, 2.1\/2&#8221;, 3&#8221;, 4&#8221; , 6&#8221;<\/p>\n<h2><b>Instala\u00e7\u00e3o<\/b><\/h2>\n<p>Solda \/ Rosca<\/p>\n<h2>Varia\u00e7\u00e3o<\/h2>\n<p>Preto \/ Galvanizado<\/p>\n","protected":false},"excerpt":{"rendered":"<p>Tubula\u00e7\u00e3o mais fina e leve que as classes 5580 e 5580M.<\/p>\n","protected":false},"featured_media":17851,"comment_status":"open","ping_status":"closed","template":"","meta":[],"class_list":{"0":"post-17680","1":"product","2":"type-product","3":"status-publish","4":"has-post-thumbnail","6":"product_cat-aco-carbono-preto-tubos-incendio","7":"product_cat-tubos-incendio","8":"product_cat-incendio","10":"first","11":"instock","12":"shipping-taxable","13":"product-type-simple"},"_links":{"self":[{"href":"http:\/\/pedroejulia.com.br\/index.php?rest_route=\/wp\/v2\/product\/17680","targetHints":{"allow":["GET"]}}],"collection":[{"href":"http:\/\/pedroejulia.com.br\/index.php?rest_route=\/wp\/v2\/product"}],"about":[{"href":"http:\/\/pedroejulia.com.br\/index.php?rest_route=\/wp\/v2\/types\/product"}],"replies":[{"embeddable":true,"href":"http:\/\/pedroejulia.com.br\/index.php?rest_route=%2Fwp%2Fv2%2Fcomments&post=17680"}],"wp:featuredmedia":[{"embeddable":true,"href":"http:\/\/pedroejulia.com.br\/index.php?rest_route=\/wp\/v2\/media\/17851"}],"wp:attachment":[{"href":"http:\/\/pedroejulia.com.br\/index.php?rest_route=%2Fwp%2Fv2%2Fmedia&parent=17680"}],"curies":[{"name":"wp","href":"https:\/\/api.w.org\/{rel}","templated":true}]}}