{"id":17682,"date":"2021-03-21T10:33:08","date_gmt":"2021-03-21T13:33:08","guid":{"rendered":"http:\/\/pedroejulia.com.br\/?post_type=product&#038;p=17682"},"modified":"2023-11-01T16:16:49","modified_gmt":"2023-11-01T19:16:49","slug":"uniao-assento-bronze-galvanizada-ou-preto","status":"publish","type":"product","link":"http:\/\/pedroejulia.com.br\/?product=uniao-assento-bronze-galvanizada-ou-preto","title":{"rendered":"Uni\u00e3o Assento Bronze (Galvanizada ou Preto)"},"content":{"rendered":"<h2><b>Fun\u00e7\u00e3o<\/b><\/h2>\n<p>Utilizada em emendas de duas roscas macho, assim facilitando qualquer reparo futuro.\u00a0Sistemas de condu\u00e7\u00e3o de \u00e1gua, g\u00e1s, vapor, \u00f3leo e outras aplica\u00e7\u00f5es hidr\u00e1ulicas em geral.<\/p>\n<h2><b>Unidades de Medidas<\/b><\/h2>\n<p>1, 1.1\/2, 1.1\/4, 1\/2, 2, 2.1\/2, 3, 3\/4, 4,<span class=\"Apple-converted-space\">\u00a0<\/span><\/p>\n<h2><b>Instala\u00e7\u00e3o<\/b><\/h2>\n<p>Rosca<\/p>\n<h2>Varia\u00e7\u00e3o<\/h2>\n<p>150 LBS \/ 300LBS<\/p>\n","protected":false},"excerpt":{"rendered":"<p>Sistemas de condu\u00e7\u00e3o de \u00e1gua, g\u00e1s, vapor, \u00f3leo e outras aplica\u00e7\u00f5es hidr\u00e1ulicas em geral.<\/p>\n","protected":false},"featured_media":17856,"comment_status":"open","ping_status":"closed","template":"","meta":[],"class_list":{"0":"post-17682","1":"product","2":"type-product","3":"status-publish","4":"has-post-thumbnail","6":"product_cat-conexoes-incendio","7":"product_cat-conexoes","8":"product_cat-rosca","9":"product_cat-rosca-conexoes-incendio","10":"product_cat-incendio","11":"product_cat-gas","13":"first","14":"instock","15":"shipping-taxable","16":"product-type-simple"},"_links":{"self":[{"href":"http:\/\/pedroejulia.com.br\/index.php?rest_route=\/wp\/v2\/product\/17682","targetHints":{"allow":["GET"]}}],"collection":[{"href":"http:\/\/pedroejulia.com.br\/index.php?rest_route=\/wp\/v2\/product"}],"about":[{"href":"http:\/\/pedroejulia.com.br\/index.php?rest_route=\/wp\/v2\/types\/product"}],"replies":[{"embeddable":true,"href":"http:\/\/pedroejulia.com.br\/index.php?rest_route=%2Fwp%2Fv2%2Fcomments&post=17682"}],"wp:featuredmedia":[{"embeddable":true,"href":"http:\/\/pedroejulia.com.br\/index.php?rest_route=\/wp\/v2\/media\/17856"}],"wp:attachment":[{"href":"http:\/\/pedroejulia.com.br\/index.php?rest_route=%2Fwp%2Fv2%2Fmedia&parent=17682"}],"curies":[{"name":"wp","href":"https:\/\/api.w.org\/{rel}","templated":true}]}}