{"id":17684,"date":"2021-03-21T10:36:39","date_gmt":"2021-03-21T13:36:39","guid":{"rendered":"http:\/\/pedroejulia.com.br\/?post_type=product&#038;p=17684"},"modified":"2023-10-20T22:51:40","modified_gmt":"2023-10-21T01:51:40","slug":"uniao-assento-plano-galvanizada-ou-preto","status":"publish","type":"product","link":"http:\/\/pedroejulia.com.br\/?product=uniao-assento-plano-galvanizada-ou-preto","title":{"rendered":"Uni\u00e3o Assento Plano (Galvanizada ou Preto)"},"content":{"rendered":"<h2><b>Fun\u00e7\u00e3o<\/b><\/h2>\n<p>Utilizada para redes hidr\u00e1ulicas de combate a inc\u00eandio, conex\u00e3o da rede de tubula\u00e7\u00e3o.\u00a0Sistemas de condu\u00e7\u00e3o de \u00e1gua, g\u00e1s, vapor, \u00f3leo e outras aplica\u00e7\u00f5es hidr\u00e1ulicas em geral.<\/p>\n<h2><b>Unidades de Medidas<\/b><\/h2>\n<p>1, 1.1\/2, 1.1\/4, 1\/2, 2, 2.1\/2, 3, 3\/4, 4<\/p>\n<h2><b>Instala\u00e7\u00e3o<\/b><\/h2>\n<p>Rosca<\/p>\n","protected":false},"excerpt":{"rendered":"<p>Sistemas de condu\u00e7\u00e3o de \u00e1gua, g\u00e1s, vapor, \u00f3leo e outras aplica\u00e7\u00f5es hidr\u00e1ulicas em geral.<\/p>\n","protected":false},"featured_media":17855,"comment_status":"open","ping_status":"closed","template":"","meta":[],"class_list":{"0":"post-17684","1":"product","2":"type-product","3":"status-publish","4":"has-post-thumbnail","6":"product_cat-conexoes-incendio","7":"product_cat-conexoes","8":"product_cat-rosca","9":"product_cat-rosca-conexoes-incendio","10":"product_cat-incendio","11":"product_cat-gas","13":"first","14":"instock","15":"shipping-taxable","16":"product-type-simple"},"_links":{"self":[{"href":"http:\/\/pedroejulia.com.br\/index.php?rest_route=\/wp\/v2\/product\/17684","targetHints":{"allow":["GET"]}}],"collection":[{"href":"http:\/\/pedroejulia.com.br\/index.php?rest_route=\/wp\/v2\/product"}],"about":[{"href":"http:\/\/pedroejulia.com.br\/index.php?rest_route=\/wp\/v2\/types\/product"}],"replies":[{"embeddable":true,"href":"http:\/\/pedroejulia.com.br\/index.php?rest_route=%2Fwp%2Fv2%2Fcomments&post=17684"}],"wp:featuredmedia":[{"embeddable":true,"href":"http:\/\/pedroejulia.com.br\/index.php?rest_route=\/wp\/v2\/media\/17855"}],"wp:attachment":[{"href":"http:\/\/pedroejulia.com.br\/index.php?rest_route=%2Fwp%2Fv2%2Fmedia&parent=17684"}],"curies":[{"name":"wp","href":"https:\/\/api.w.org\/{rel}","templated":true}]}}