{"id":17685,"date":"2021-03-21T10:38:10","date_gmt":"2021-03-21T13:38:10","guid":{"rendered":"http:\/\/pedroejulia.com.br\/?post_type=product&#038;p=17685"},"modified":"2023-10-20T22:51:11","modified_gmt":"2023-10-21T01:51:11","slug":"uniao-cobre","status":"publish","type":"product","link":"http:\/\/pedroejulia.com.br\/?product=uniao-cobre","title":{"rendered":"Uni\u00e3o Cobre"},"content":{"rendered":"<h2><b>Fun\u00e7\u00e3o<\/b><\/h2>\n<p>Unir tubos com facilidade sem separa-los novamente.\u00a0Serve para todas as classes de tubos.<\/p>\n<h2><b>Unidades de Medidas<\/b><\/h2>\n<p>15mm, 22mm, 28mm, 35mm, 42mm, 54mm, 66,7mm, 79,4mm, 104,8mm<\/p>\n<h2><b>Instala\u00e7\u00e3o<\/b><\/h2>\n<p>Solda<\/p>\n","protected":false},"excerpt":{"rendered":"<p>Unir tubos com facilidade sem separa-los novamente.<\/p>\n","protected":false},"featured_media":17857,"comment_status":"open","ping_status":"closed","template":"","meta":[],"class_list":{"0":"post-17685","1":"product","2":"type-product","3":"status-publish","4":"has-post-thumbnail","6":"product_cat-conexoes-incendio","7":"product_cat-conexoes","8":"product_cat-rosca","9":"product_cat-rosca-conexoes-incendio","10":"product_cat-incendio","11":"product_cat-gas","13":"first","14":"instock","15":"shipping-taxable","16":"product-type-simple"},"_links":{"self":[{"href":"http:\/\/pedroejulia.com.br\/index.php?rest_route=\/wp\/v2\/product\/17685","targetHints":{"allow":["GET"]}}],"collection":[{"href":"http:\/\/pedroejulia.com.br\/index.php?rest_route=\/wp\/v2\/product"}],"about":[{"href":"http:\/\/pedroejulia.com.br\/index.php?rest_route=\/wp\/v2\/types\/product"}],"replies":[{"embeddable":true,"href":"http:\/\/pedroejulia.com.br\/index.php?rest_route=%2Fwp%2Fv2%2Fcomments&post=17685"}],"wp:featuredmedia":[{"embeddable":true,"href":"http:\/\/pedroejulia.com.br\/index.php?rest_route=\/wp\/v2\/media\/17857"}],"wp:attachment":[{"href":"http:\/\/pedroejulia.com.br\/index.php?rest_route=%2Fwp%2Fv2%2Fmedia&parent=17685"}],"curies":[{"name":"wp","href":"https:\/\/api.w.org\/{rel}","templated":true}]}}