{"id":17688,"date":"2021-03-21T10:42:24","date_gmt":"2021-03-21T13:42:24","guid":{"rendered":"http:\/\/pedroejulia.com.br\/?post_type=product&#038;p=17688"},"modified":"2023-10-20T22:48:07","modified_gmt":"2023-10-21T01:48:07","slug":"valvula-esfera-tripartida","status":"publish","type":"product","link":"http:\/\/pedroejulia.com.br\/?product=valvula-esfera-tripartida","title":{"rendered":"V\u00e1lvula Esfera Tripartida"},"content":{"rendered":"<h2><b>Fun\u00e7\u00e3o<\/b><\/h2>\n<p>Utilizada para bloquear as passagens.\u00a0Constru\u00e7\u00e3o projetada para possibilitar manuten\u00e7\u00e3o. Altas press\u00f5es.<\/p>\n<h2><b>Unidades de Medidas<\/b><\/h2>\n<p>3\/4, 1, 1.1\/2, 1.1\/4, 1\/2, 1\/4, 2, 2.1\/2, 3<\/p>\n<h2><b>Instala\u00e7\u00e3o<\/b><\/h2>\n<p>Rosca<\/p>\n","protected":false},"excerpt":{"rendered":"<p>Utilizada para bloquear as passagens.<\/p>\n","protected":false},"featured_media":17863,"comment_status":"open","ping_status":"closed","template":"","meta":[],"class_list":{"0":"post-17688","1":"product","2":"type-product","3":"status-publish","4":"has-post-thumbnail","6":"product_cat-valvulas","7":"product_cat-valvulas-incendio","8":"product_cat-incendio","9":"product_cat-gas","11":"first","12":"instock","13":"shipping-taxable","14":"product-type-simple"},"_links":{"self":[{"href":"http:\/\/pedroejulia.com.br\/index.php?rest_route=\/wp\/v2\/product\/17688","targetHints":{"allow":["GET"]}}],"collection":[{"href":"http:\/\/pedroejulia.com.br\/index.php?rest_route=\/wp\/v2\/product"}],"about":[{"href":"http:\/\/pedroejulia.com.br\/index.php?rest_route=\/wp\/v2\/types\/product"}],"replies":[{"embeddable":true,"href":"http:\/\/pedroejulia.com.br\/index.php?rest_route=%2Fwp%2Fv2%2Fcomments&post=17688"}],"wp:featuredmedia":[{"embeddable":true,"href":"http:\/\/pedroejulia.com.br\/index.php?rest_route=\/wp\/v2\/media\/17863"}],"wp:attachment":[{"href":"http:\/\/pedroejulia.com.br\/index.php?rest_route=%2Fwp%2Fv2%2Fmedia&parent=17688"}],"curies":[{"name":"wp","href":"https:\/\/api.w.org\/{rel}","templated":true}]}}