{"id":17689,"date":"2021-03-21T10:43:54","date_gmt":"2021-03-21T13:43:54","guid":{"rendered":"http:\/\/pedroejulia.com.br\/?post_type=product&#038;p=17689"},"modified":"2024-02-10T15:59:04","modified_gmt":"2024-02-10T18:59:04","slug":"valvula-retencao-dupla-portinhola","status":"publish","type":"product","link":"http:\/\/pedroejulia.com.br\/?product=valvula-retencao-dupla-portinhola","title":{"rendered":"V\u00e1lvula Reten\u00e7\u00e3o Dupla Portinhola"},"content":{"rendered":"<h2><b>Fun\u00e7\u00e3o<\/b><\/h2>\n<p>Controla fluxo de materiais l\u00edquidos e gasosos.\u00a0Permite e bloqueia a passagem do fluxo.<span class=\"Apple-converted-space\">\u00a0<\/span><\/p>\n<h2><b>Unidades de Medidas<\/b><\/h2>\n<p>3, 4, 6 , 8<\/p>\n<h2><b>Instala\u00e7\u00e3o<\/b><\/h2>\n<p>Rosca<\/p>\n","protected":false},"excerpt":{"rendered":"<p>Controla fluxo de materiais l\u00edquidos e gasosos.<\/p>\n","protected":false},"featured_media":17872,"comment_status":"open","ping_status":"closed","template":"","meta":[],"class_list":{"0":"post-17689","1":"product","2":"type-product","3":"status-publish","4":"has-post-thumbnail","6":"product_cat-valvulas-incendio","7":"product_cat-valvulas","8":"product_cat-incendio","9":"product_cat-gas","11":"first","12":"instock","13":"shipping-taxable","14":"product-type-simple"},"_links":{"self":[{"href":"http:\/\/pedroejulia.com.br\/index.php?rest_route=\/wp\/v2\/product\/17689","targetHints":{"allow":["GET"]}}],"collection":[{"href":"http:\/\/pedroejulia.com.br\/index.php?rest_route=\/wp\/v2\/product"}],"about":[{"href":"http:\/\/pedroejulia.com.br\/index.php?rest_route=\/wp\/v2\/types\/product"}],"replies":[{"embeddable":true,"href":"http:\/\/pedroejulia.com.br\/index.php?rest_route=%2Fwp%2Fv2%2Fcomments&post=17689"}],"wp:featuredmedia":[{"embeddable":true,"href":"http:\/\/pedroejulia.com.br\/index.php?rest_route=\/wp\/v2\/media\/17872"}],"wp:attachment":[{"href":"http:\/\/pedroejulia.com.br\/index.php?rest_route=%2Fwp%2Fv2%2Fmedia&parent=17689"}],"curies":[{"name":"wp","href":"https:\/\/api.w.org\/{rel}","templated":true}]}}