{"id":17824,"date":"2021-04-16T11:34:50","date_gmt":"2021-04-16T14:34:50","guid":{"rendered":"http:\/\/pedroejulia.com.br\/?post_type=product&#038;p=17824"},"modified":"2023-10-20T22:45:04","modified_gmt":"2023-10-21T01:45:04","slug":"sprinkler","status":"publish","type":"product","link":"http:\/\/pedroejulia.com.br\/?product=sprinkler","title":{"rendered":"Sprinkler"},"content":{"rendered":"<h2><b>Fun\u00e7\u00e3o<\/b><\/h2>\n<p>Combater poss\u00edvel princ\u00edpio de inc\u00eandio<\/p>\n<h2><b>Unidades de Medidas<\/b><\/h2>\n<p>141\u00b0, 68\u00b0, 68\u00b0C, 79\u00b0, 93\u00b0<\/p>\n","protected":false},"excerpt":{"rendered":"<p>Ao atingir certas temperaturas, a solda do elemento se desprende e come\u00e7a a liberar \u00e1gua<\/p>\n","protected":false},"featured_media":17826,"comment_status":"open","ping_status":"closed","template":"","meta":[],"class_list":{"0":"post-17824","1":"product","2":"type-product","3":"status-publish","4":"has-post-thumbnail","6":"product_cat-sistema-spk","7":"product_cat-incendio","9":"first","10":"instock","11":"shipping-taxable","12":"product-type-simple"},"_links":{"self":[{"href":"http:\/\/pedroejulia.com.br\/index.php?rest_route=\/wp\/v2\/product\/17824","targetHints":{"allow":["GET"]}}],"collection":[{"href":"http:\/\/pedroejulia.com.br\/index.php?rest_route=\/wp\/v2\/product"}],"about":[{"href":"http:\/\/pedroejulia.com.br\/index.php?rest_route=\/wp\/v2\/types\/product"}],"replies":[{"embeddable":true,"href":"http:\/\/pedroejulia.com.br\/index.php?rest_route=%2Fwp%2Fv2%2Fcomments&post=17824"}],"wp:featuredmedia":[{"embeddable":true,"href":"http:\/\/pedroejulia.com.br\/index.php?rest_route=\/wp\/v2\/media\/17826"}],"wp:attachment":[{"href":"http:\/\/pedroejulia.com.br\/index.php?rest_route=%2Fwp%2Fv2%2Fmedia&parent=17824"}],"curies":[{"name":"wp","href":"https:\/\/api.w.org\/{rel}","templated":true}]}}