{"id":17940,"date":"2023-03-22T21:06:45","date_gmt":"2023-03-23T00:06:45","guid":{"rendered":"http:\/\/pedroejulia.com.br\/?post_type=product&#038;p=17940"},"modified":"2023-10-20T22:41:48","modified_gmt":"2023-10-21T01:41:48","slug":"tubo-multicamada-50mts","status":"publish","type":"product","link":"http:\/\/pedroejulia.com.br\/?product=tubo-multicamada-50mts","title":{"rendered":"Tubo Multicamada &#8211; 50mts"},"content":{"rendered":"<h2><b>Fun\u00e7\u00e3o<\/b><\/h2>\n<p>Em qualquer rede de distribui\u00e7\u00e3o de gases combust\u00edveis (GN e GLP) o\u00a0tubo multicamada para g\u00e1s\u00a0\u00e9 a op\u00e7\u00e3o mais indicada para aplica\u00e7\u00e3o. Isso, pois, al\u00e9m de sua facilidade de aplica\u00e7\u00e3o, ainda \u00e9 o tipo de tubula\u00e7\u00e3o mais resistente para suportar a press\u00e3o das redes de gases combust\u00edveis.<\/p>\n<h2><b>Unidades de Medidas<\/b><\/h2>\n<p>26MM, 32MM<\/p>\n","protected":false},"excerpt":{"rendered":"<p>Fun\u00e7\u00e3o Em qualquer rede de distribui\u00e7\u00e3o de gases combust\u00edveis (GN e GLP) o\u00a0tubo multicamada para g\u00e1s\u00a0\u00e9 a op\u00e7\u00e3o mais indicada para aplica\u00e7\u00e3o. Isso, pois, al\u00e9m de sua facilidade de aplica\u00e7\u00e3o, ainda \u00e9 o tipo de tubula\u00e7\u00e3o mais resistente para suportar a press\u00e3o das redes de gases combust\u00edveis. Unidades de Medidas 26MM, 32MM<\/p>\n","protected":false},"featured_media":17938,"comment_status":"open","ping_status":"closed","template":"","meta":[],"class_list":{"0":"post-17940","1":"product","2":"type-product","3":"status-publish","4":"has-post-thumbnail","6":"product_cat-pex-multicamada","8":"first","9":"instock","10":"shipping-taxable","11":"product-type-simple"},"_links":{"self":[{"href":"http:\/\/pedroejulia.com.br\/index.php?rest_route=\/wp\/v2\/product\/17940","targetHints":{"allow":["GET"]}}],"collection":[{"href":"http:\/\/pedroejulia.com.br\/index.php?rest_route=\/wp\/v2\/product"}],"about":[{"href":"http:\/\/pedroejulia.com.br\/index.php?rest_route=\/wp\/v2\/types\/product"}],"replies":[{"embeddable":true,"href":"http:\/\/pedroejulia.com.br\/index.php?rest_route=%2Fwp%2Fv2%2Fcomments&post=17940"}],"wp:featuredmedia":[{"embeddable":true,"href":"http:\/\/pedroejulia.com.br\/index.php?rest_route=\/wp\/v2\/media\/17938"}],"wp:attachment":[{"href":"http:\/\/pedroejulia.com.br\/index.php?rest_route=%2Fwp%2Fv2%2Fmedia&parent=17940"}],"curies":[{"name":"wp","href":"https:\/\/api.w.org\/{rel}","templated":true}]}}