{"id":17943,"date":"2023-03-22T21:10:56","date_gmt":"2023-03-23T00:10:56","guid":{"rendered":"http:\/\/pedroejulia.com.br\/?post_type=product&#038;p=17943"},"modified":"2023-10-20T22:41:08","modified_gmt":"2023-10-21T01:41:08","slug":"conector-rf","status":"publish","type":"product","link":"http:\/\/pedroejulia.com.br\/?product=conector-rf","title":{"rendered":"Conector RF"},"content":{"rendered":"<h2><b>Fun\u00e7\u00e3o<\/b><\/h2>\n<p><span style=\"color: #000000; font-family: Calibri; font-size: medium;\">S\u00e3o os principais respons\u00e1veis pelas liga\u00e7\u00f5es entre as tubula\u00e7\u00f5es<\/span><\/p>\n<h2><b>Unidades de Medidas<\/b><\/h2>\n<p><span style=\"color: #000000; font-family: Calibri; font-size: medium;\">16 X 1\/2, 20 X 1\/2, 32&#215;1<\/span><\/p>\n","protected":false},"excerpt":{"rendered":"<p>Fun\u00e7\u00e3o S\u00e3o os principais respons\u00e1veis pelas liga\u00e7\u00f5es entre as tubula\u00e7\u00f5es Unidades de Medidas 16 X 1\/2, 20 X 1\/2, 32&#215;1<\/p>\n","protected":false},"featured_media":17944,"comment_status":"open","ping_status":"closed","template":"","meta":[],"class_list":{"0":"post-17943","1":"product","2":"type-product","3":"status-publish","4":"has-post-thumbnail","6":"product_cat-pex-multicamada","8":"first","9":"instock","10":"shipping-taxable","11":"product-type-simple"},"_links":{"self":[{"href":"http:\/\/pedroejulia.com.br\/index.php?rest_route=\/wp\/v2\/product\/17943","targetHints":{"allow":["GET"]}}],"collection":[{"href":"http:\/\/pedroejulia.com.br\/index.php?rest_route=\/wp\/v2\/product"}],"about":[{"href":"http:\/\/pedroejulia.com.br\/index.php?rest_route=\/wp\/v2\/types\/product"}],"replies":[{"embeddable":true,"href":"http:\/\/pedroejulia.com.br\/index.php?rest_route=%2Fwp%2Fv2%2Fcomments&post=17943"}],"wp:featuredmedia":[{"embeddable":true,"href":"http:\/\/pedroejulia.com.br\/index.php?rest_route=\/wp\/v2\/media\/17944"}],"wp:attachment":[{"href":"http:\/\/pedroejulia.com.br\/index.php?rest_route=%2Fwp%2Fv2%2Fmedia&parent=17943"}],"curies":[{"name":"wp","href":"https:\/\/api.w.org\/{rel}","templated":true}]}}