{"id":17951,"date":"2023-03-22T21:15:46","date_gmt":"2023-03-23T00:15:46","guid":{"rendered":"http:\/\/pedroejulia.com.br\/?post_type=product&#038;p=17951"},"modified":"2023-10-20T22:40:14","modified_gmt":"2023-10-21T01:40:14","slug":"te-reducao-pex","status":"publish","type":"product","link":"http:\/\/pedroejulia.com.br\/?product=te-reducao-pex","title":{"rendered":"Te Redu\u00e7\u00e3o Pex"},"content":{"rendered":"<h2><b>Fun\u00e7\u00e3o<\/b><\/h2>\n<p><span style=\"color: #000000; font-family: Calibri; font-size: medium;\">Respons\u00e1veis pela liga\u00e7\u00e3o em formato de T para facilitar novos acessos as instala\u00e7\u00f5es, reduzindo as medidas das mesmas <\/span><\/p>\n<h2><b>Unidades de Medidas<\/b><\/h2>\n<p><span style=\"color: #000000; font-family: Calibri; font-size: medium;\">20 X 1\/2, 26X20X26, 32X32X32, 26x20x20<\/span><\/p>\n","protected":false},"excerpt":{"rendered":"<p>Fun\u00e7\u00e3o Respons\u00e1veis pela liga\u00e7\u00e3o em formato de T para facilitar novos acessos as instala\u00e7\u00f5es, reduzindo as medidas das mesmas Unidades de Medidas 20 X 1\/2, 26X20X26, 32X32X32, 26x20x20<\/p>\n","protected":false},"featured_media":17952,"comment_status":"open","ping_status":"closed","template":"","meta":[],"class_list":{"0":"post-17951","1":"product","2":"type-product","3":"status-publish","4":"has-post-thumbnail","6":"product_cat-pex-multicamada","8":"first","9":"instock","10":"shipping-taxable","11":"product-type-simple"},"_links":{"self":[{"href":"http:\/\/pedroejulia.com.br\/index.php?rest_route=\/wp\/v2\/product\/17951","targetHints":{"allow":["GET"]}}],"collection":[{"href":"http:\/\/pedroejulia.com.br\/index.php?rest_route=\/wp\/v2\/product"}],"about":[{"href":"http:\/\/pedroejulia.com.br\/index.php?rest_route=\/wp\/v2\/types\/product"}],"replies":[{"embeddable":true,"href":"http:\/\/pedroejulia.com.br\/index.php?rest_route=%2Fwp%2Fv2%2Fcomments&post=17951"}],"wp:featuredmedia":[{"embeddable":true,"href":"http:\/\/pedroejulia.com.br\/index.php?rest_route=\/wp\/v2\/media\/17952"}],"wp:attachment":[{"href":"http:\/\/pedroejulia.com.br\/index.php?rest_route=%2Fwp%2Fv2%2Fmedia&parent=17951"}],"curies":[{"name":"wp","href":"https:\/\/api.w.org\/{rel}","templated":true}]}}