{"id":17957,"date":"2023-03-22T21:20:40","date_gmt":"2023-03-23T00:20:40","guid":{"rendered":"http:\/\/pedroejulia.com.br\/?post_type=product&#038;p=17957"},"modified":"2023-10-20T22:39:09","modified_gmt":"2023-10-21T01:39:09","slug":"cotovelo-rf","status":"publish","type":"product","link":"http:\/\/pedroejulia.com.br\/?product=cotovelo-rf","title":{"rendered":"Cotovelo RF"},"content":{"rendered":"<h2><b>Fun\u00e7\u00e3o<\/b><\/h2>\n<p><span style=\"color: #000000; font-family: Calibri; font-size: medium;\">S\u00e3o os principais respons\u00e1veis pelas liga\u00e7\u00f5es entre as tubula\u00e7\u00f5es<\/span><\/p>\n<h2><b>Unidades de Medidas<\/b><\/h2>\n<p><span style=\"color: #000000; font-family: Calibri; font-size: medium;\">16 X 1\/2, 20 X 1\/2, 20 X 3\/4, 26 X 3\/4, 32 X 1<\/span><\/p>\n","protected":false},"excerpt":{"rendered":"<p>Fun\u00e7\u00e3o S\u00e3o os principais respons\u00e1veis pelas liga\u00e7\u00f5es entre as tubula\u00e7\u00f5es Unidades de Medidas 16 X 1\/2, 20 X 1\/2, 20 X 3\/4, 26 X 3\/4, 32 X 1<\/p>\n","protected":false},"featured_media":17958,"comment_status":"open","ping_status":"closed","template":"","meta":[],"class_list":{"0":"post-17957","1":"product","2":"type-product","3":"status-publish","4":"has-post-thumbnail","6":"product_cat-pex-multicamada","8":"first","9":"instock","10":"shipping-taxable","11":"product-type-simple"},"_links":{"self":[{"href":"http:\/\/pedroejulia.com.br\/index.php?rest_route=\/wp\/v2\/product\/17957","targetHints":{"allow":["GET"]}}],"collection":[{"href":"http:\/\/pedroejulia.com.br\/index.php?rest_route=\/wp\/v2\/product"}],"about":[{"href":"http:\/\/pedroejulia.com.br\/index.php?rest_route=\/wp\/v2\/types\/product"}],"replies":[{"embeddable":true,"href":"http:\/\/pedroejulia.com.br\/index.php?rest_route=%2Fwp%2Fv2%2Fcomments&post=17957"}],"wp:featuredmedia":[{"embeddable":true,"href":"http:\/\/pedroejulia.com.br\/index.php?rest_route=\/wp\/v2\/media\/17958"}],"wp:attachment":[{"href":"http:\/\/pedroejulia.com.br\/index.php?rest_route=%2Fwp%2Fv2%2Fmedia&parent=17957"}],"curies":[{"name":"wp","href":"https:\/\/api.w.org\/{rel}","templated":true}]}}