{"id":17959,"date":"2023-03-22T21:22:55","date_gmt":"2023-03-23T00:22:55","guid":{"rendered":"http:\/\/pedroejulia.com.br\/?post_type=product&#038;p=17959"},"modified":"2023-10-20T22:38:53","modified_gmt":"2023-10-21T01:38:53","slug":"mola-curva","status":"publish","type":"product","link":"http:\/\/pedroejulia.com.br\/?product=mola-curva","title":{"rendered":"Mola Curva"},"content":{"rendered":"<h2><b>Fun\u00e7\u00e3o<\/b><\/h2>\n<p><span style=\"color: #000000; font-family: Calibri; font-size: medium;\">Revestimento de prote\u00e7\u00e3o mec\u00c2nica utilizadas na parte de fora dos tubos<\/span><\/p>\n<h2><b>Unidades de Medidas<\/b><\/h2>\n<p>16MM, 20MM<\/p>\n","protected":false},"excerpt":{"rendered":"<p>Fun\u00e7\u00e3o Revestimento de prote\u00e7\u00e3o mec\u00c2nica utilizadas na parte de fora dos tubos Unidades de Medidas 16MM, 20MM<\/p>\n","protected":false},"featured_media":17960,"comment_status":"open","ping_status":"closed","template":"","meta":[],"class_list":{"0":"post-17959","1":"product","2":"type-product","3":"status-publish","4":"has-post-thumbnail","6":"product_cat-pex-multicamada","8":"first","9":"instock","10":"shipping-taxable","11":"product-type-simple"},"_links":{"self":[{"href":"http:\/\/pedroejulia.com.br\/index.php?rest_route=\/wp\/v2\/product\/17959","targetHints":{"allow":["GET"]}}],"collection":[{"href":"http:\/\/pedroejulia.com.br\/index.php?rest_route=\/wp\/v2\/product"}],"about":[{"href":"http:\/\/pedroejulia.com.br\/index.php?rest_route=\/wp\/v2\/types\/product"}],"replies":[{"embeddable":true,"href":"http:\/\/pedroejulia.com.br\/index.php?rest_route=%2Fwp%2Fv2%2Fcomments&post=17959"}],"wp:featuredmedia":[{"embeddable":true,"href":"http:\/\/pedroejulia.com.br\/index.php?rest_route=\/wp\/v2\/media\/17960"}],"wp:attachment":[{"href":"http:\/\/pedroejulia.com.br\/index.php?rest_route=%2Fwp%2Fv2%2Fmedia&parent=17959"}],"curies":[{"name":"wp","href":"https:\/\/api.w.org\/{rel}","templated":true}]}}