{"id":17965,"date":"2023-03-22T21:27:07","date_gmt":"2023-03-23T00:27:07","guid":{"rendered":"http:\/\/pedroejulia.com.br\/?post_type=product&#038;p=17965"},"modified":"2023-10-18T21:02:03","modified_gmt":"2023-10-19T00:02:03","slug":"curva-de-transposicao-de-bronze","status":"publish","type":"product","link":"http:\/\/pedroejulia.com.br\/?product=curva-de-transposicao-de-bronze","title":{"rendered":"Curva de Transposi\u00e7\u00e3o de Bronze"},"content":{"rendered":"<h2><b>Fun\u00e7\u00e3o<\/b><\/h2>\n<p><span style=\"color: #000000; font-family: Calibri; font-size: medium;\">Facilita o cruzamento de tubula\u00e7\u00f5es<\/span><\/p>\n<h2><b>Unidades de Medidas<\/b><\/h2>\n<p><span style=\"color: #000000; font-family: Calibri; font-size: medium;\">15\/22\/28\/35MM<\/span><\/p>\n","protected":false},"excerpt":{"rendered":"<p>Fun\u00e7\u00e3o Facilita o cruzamento de tubula\u00e7\u00f5es Unidades de Medidas 15\/22\/28\/35MM<\/p>\n","protected":false},"featured_media":17966,"comment_status":"open","ping_status":"closed","template":"","meta":[],"class_list":{"0":"post-17965","1":"product","2":"type-product","3":"status-publish","4":"has-post-thumbnail","6":"product_cat-conexoes-incendio","7":"product_cat-conexoes","8":"product_cat-rosca","9":"product_cat-rosca-conexoes-incendio","10":"product_cat-incendio","11":"product_cat-gas","13":"first","14":"instock","15":"shipping-taxable","16":"product-type-simple"},"_links":{"self":[{"href":"http:\/\/pedroejulia.com.br\/index.php?rest_route=\/wp\/v2\/product\/17965","targetHints":{"allow":["GET"]}}],"collection":[{"href":"http:\/\/pedroejulia.com.br\/index.php?rest_route=\/wp\/v2\/product"}],"about":[{"href":"http:\/\/pedroejulia.com.br\/index.php?rest_route=\/wp\/v2\/types\/product"}],"replies":[{"embeddable":true,"href":"http:\/\/pedroejulia.com.br\/index.php?rest_route=%2Fwp%2Fv2%2Fcomments&post=17965"}],"wp:featuredmedia":[{"embeddable":true,"href":"http:\/\/pedroejulia.com.br\/index.php?rest_route=\/wp\/v2\/media\/17966"}],"wp:attachment":[{"href":"http:\/\/pedroejulia.com.br\/index.php?rest_route=%2Fwp%2Fv2%2Fmedia&parent=17965"}],"curies":[{"name":"wp","href":"https:\/\/api.w.org\/{rel}","templated":true}]}}